{"id":314,"date":"2017-02-01T22:58:35","date_gmt":"2017-02-01T20:58:35","guid":{"rendered":"http:\/\/www.sparmarkt-winkler.at\/wordpress\/?page_id=314"},"modified":"2017-02-01T22:59:14","modified_gmt":"2017-02-01T20:59:14","slug":"impressum","status":"publish","type":"page","link":"http:\/\/www.sparmarkt-winkler.at\/wordpress\/?page_id=314","title":{"rendered":"Impressum"},"content":{"rendered":"<h1>Alles Gute hat ein Ende<\/h1>\n<h2>Rechtliches. Und Abschlu\u00df.<\/h2>\n<p><strong>Impressum<\/strong><\/p>\n<p>Herausgeber \/ Konzeption \/ Inhalt \/ Realisiert: Thomas Winkler<br \/>\nWebdesign \/ Softwareverwaltung: Walter Lutterotti<br \/>\n<strong>Informationspflicht<\/strong><\/p>\n<p>Medieninhaber, Herausgeber, Verleger: Thomas Winkler<br \/>\nGrundlegende Richtung: Die vorliegende Website ist ein Online-Angebot der Firma SPAR Markt Winkler im Internet. Unter dieser Web- Adresse und allf\u00e4lliger Subdomains werden umfangreiche Informations- und Online-Dienste zu Produkten und Leistungen unseres Unternehmens bereit gestellt.<br \/>\nF\u00fcr den Inhalt verantwortlich: Walter Lutterotti (beetle1989[at]gmail.at)<br \/>\nAnschrift: SPAR Markt Winkler, Dorf Nr. 46, 6652 Elbigenalp<br \/>\nTelefon: 0 56 34 &#8211; 201 23<br \/>\nTelefax: 0 56 34 &#8211; 201 23 19<br \/>\nE-Mail: Thomas.Winkler[at]sparmarkt.at<br \/>\nUnsere Datenschutzrichtlinie: Die Einhaltung der jeweils geltenden gesetzlichen Bestimmungen zum Datenschutz personenbezogener Daten ist f\u00fcr uns selbstverst\u00e4ndlich. Dazu erfahren Sie in dieser Datenschutzrichtlinie, wie Ihre Daten erhoben und gesch\u00fctzt werden und welche M\u00f6glichkeiten Sie haben, Auskunft \u00fcber die bei uns gespeicherten, personenbezogenen Daten zu erhalten.<br \/>\nPersonenbezogene Daten sind Informationen, die genutzt werden k\u00f6nnen, um die Identit\u00e4t zu erfahren. Darunter fallen Informationen wie Name, Adresse, Postanschrift, Telefonnummer etc. S\u00e4mtliche Informationen, die nicht direkt mit der tats\u00e4chlichen Identit\u00e4t von Web Usern in Verbindung gebracht werden k\u00f6nnen fallen nicht darunter.<br \/>\nWir fragen den Nutzer unsere Website bei Bedarf nach Firma, Namen, Vornamen und nach anderen diversen pers\u00f6nlichen Informationen, wenn der Nutzer einen personalisierten oder interaktiven Dienst benutzt. Wir verwenden diese personenbezogenen Informationen im Falle von Anfragen nur innerhalb des Unternehmens selbst. Die Daten werden nicht an Dritte weitergegeben, es sei denn dies ist zur Vertragserf\u00fcllung erforderlich. Jedenfalls erfolgt keine Weitergabe von Daten bevor wir nicht Ihr ausdr\u00fcckliches Einverst\u00e4ndnis dazu eingeholt haben. Wir wissen das Vertrauen zu sch\u00e4tzen, das Sie uns entgegenbringen, und wenden \u00e4u\u00dferste Sorgfalt an, um Ihre pers\u00f6nlichen Angaben zu sch\u00fctzen. Sie haben jedenfalls das Recht zu erfahren, welche Daten gesammelt wurden und haben auch die M\u00f6glichkeit die L\u00f6schung der Daten zu veranlassen.<br \/>\n<strong>Disclaimer:<\/strong><br \/>\nNutzungsbedingungen<br \/>\nDie Inhalte dieser Web-Site sind frei nutzbar und dienen ausschlie\u00dflich der Information. Es kommen durch die Nutzung der Auswahlm\u00f6glichkeiten der Web-Site keinerlei Rechtsgesch\u00e4fte zwischen der Eigent\u00fcmerin und den Nutzern zu Stande. Die weitere Vorgangsweise zwischen Anbietern und Nutzern und der m\u00f6gliche sp\u00e4tere Abschluss von Auftr\u00e4gen zwischen Anbietern und Nutzern liegen im ausschlie\u00dflichen Ermessen der Nutzer.<br \/>\nCopyright \/ Haftungsausschluss<br \/>\nIm Hinblick auf die technischen Eigenschaften des Internet kann keine Gew\u00e4hr f\u00fcr die Authentizit\u00e4t, Richtigkeit und Vollst\u00e4ndigkeit der im Internet zur Verf\u00fcgung gestellten Informationen \u00fcbernommen werden. Es wird auch keine Gew\u00e4hr f\u00fcr die Verf\u00fcgbarkeit oder den Betrieb der gegenst\u00e4ndlichen Homepage und ihrer Inhalte \u00fcbernommen.<br \/>\nJede Haftung f\u00fcr unmittelbare, mittelbare oder sonstige Sch\u00e4den, unabh\u00e4ngig von deren Ursachen, die aus der Benutzung oder Nichtverf\u00fcgbarkeit der Daten und Informationen dieser Homepage erwachsen, wird, soweit rechtlich zul\u00e4ssig, ausgeschlossen.<br \/>\nDer Inhalt dieser Homepage ist urheberrechtlich gesch\u00fctzt. Die Informationen sind nur f\u00fcr die pers\u00f6nliche Verwendung bestimmt. Jede weitergehende Nutzung insbesondere die Speicherung in Datenbanken, Vervielf\u00e4ltigung und jede Form von gewerblicher Nutzung sowie die Weitergabe an Dritte &#8211; auch in Teilen oder in \u00fcberarbeiteter Form &#8211; ohne Zustimmung des Website-Inhabers ist untersagt.<br \/>\nHyperlinks auf diese Website sind willkommen. Jede Einbindung einzelner Seiten unseres Angebotes in fremde Frames ist zu unterlassen, ebenso das zur Verf\u00fcgung stellen unseres RSS-Feeds auf fremden Seiten.<br \/>\n<strong>Datenschutz<\/strong><br \/>\nSoweit auf unseren Seiten personenbezogene Daten (beispielsweise Name, Anschrift oder eMail-Adressen) erhoben werden, erfolgt dies soweit m\u00f6glich stets auf freiwilliger Basis. Die Nutzung der Angebote und Dienste ist, soweit m\u00f6glich, stets ohne Angabe personenbezogener Daten m\u00f6glich.<br \/>\nDer Nutzung von im Rahmen der Impressumspflicht ver\u00f6ffentlichten Kontaktdaten durch Dritte zur \u00dcbersendung von nicht ausdr\u00fccklich angeforderter Werbung und Informationsmaterialien wird hiermit ausdr\u00fccklich widersprochen. Die Betreiber der Seiten behalten sich ausdr\u00fccklich rechtliche Schritte im Falle der unverlangten Zusendung von Werbeinformationen, etwa durch Spam-Mails, vor.<br \/>\n<strong>Haftung f\u00fcr Links<\/strong><br \/>\nDieses Weblog enth\u00e4lt Links zu externen Webseiten Dritter, auf deren Inhalte wir keinen Einfluss haben. Deshalb k\u00f6nnen wir f\u00fcr diese fremden Inhalte auch keine Gew\u00e4hr \u00fcbernehmen. F\u00fcr die Inhalte der verlinkten Seiten ist stets der jeweilige Anbieter oder Betreiber der Seiten verantwortlich. Die verlinkten Seiten wurden zum Zeitpunkt der Verlinkung auf m\u00f6gliche Rechtsverst\u00f6\u00dfe \u00fcberpr\u00fcft.<br \/>\nRechtswidrige Inhalte waren zum Zeitpunkt der Verlinkung nicht erkennbar. Eine permanente inhaltliche Kontrolle der verlinkten Seiten ist jedoch ohne konkrete Anhaltspunkte einer Rechtsverletzung nicht zumutbar. Bei bekannt werden von Rechtsverletzungen werden wir derartige Links umgehend entfernen.<\/p>\n","protected":false},"excerpt":{"rendered":"<p>Alles Gute hat ein Ende Rechtliches. Und Abschlu\u00df. Impressum Herausgeber \/ Konzeption \/ Inhalt \/ Realisiert: Thomas Winkler Webdesign \/ Softwareverwaltung: Walter Lutterotti Informationspflicht Medieninhaber, Herausgeber, Verleger: Thomas Winkler Grundlegende Richtung: Die vorliegende Website ist ein Online-Angebot der Firma SPAR<span class=\"ellipsis\">&hellip;<\/span><\/p>\n<div class=\"read-more\"><a href=\"http:\/\/www.sparmarkt-winkler.at\/wordpress\/?page_id=314\">Weiterlesen \u203a<\/a><\/div>\n<p><!-- end of .read-more --><\/p>\n","protected":false},"author":2,"featured_media":0,"parent":148,"menu_order":0,"comment_status":"closed","ping_status":"closed","template":"full-width-page.php","meta":[],"_links":{"self":[{"href":"http:\/\/www.sparmarkt-winkler.at\/wordpress\/index.php?rest_route=\/wp\/v2\/pages\/314"}],"collection":[{"href":"http:\/\/www.sparmarkt-winkler.at\/wordpress\/index.php?rest_route=\/wp\/v2\/pages"}],"about":[{"href":"http:\/\/www.sparmarkt-winkler.at\/wordpress\/index.php?rest_route=\/wp\/v2\/types\/page"}],"author":[{"embeddable":true,"href":"http:\/\/www.sparmarkt-winkler.at\/wordpress\/index.php?rest_route=\/wp\/v2\/users\/2"}],"replies":[{"embeddable":true,"href":"http:\/\/www.sparmarkt-winkler.at\/wordpress\/index.php?rest_route=%2Fwp%2Fv2%2Fcomments&post=314"}],"version-history":[{"count":1,"href":"http:\/\/www.sparmarkt-winkler.at\/wordpress\/index.php?rest_route=\/wp\/v2\/pages\/314\/revisions"}],"predecessor-version":[{"id":315,"href":"http:\/\/www.sparmarkt-winkler.at\/wordpress\/index.php?rest_route=\/wp\/v2\/pages\/314\/revisions\/315"}],"up":[{"embeddable":true,"href":"http:\/\/www.sparmarkt-winkler.at\/wordpress\/index.php?rest_route=\/wp\/v2\/pages\/148"}],"wp:attachment":[{"href":"http:\/\/www.sparmarkt-winkler.at\/wordpress\/index.php?rest_route=%2Fwp%2Fv2%2Fmedia&parent=314"}],"curies":[{"name":"wp","href":"https:\/\/api.w.org\/{rel}","templated":true}]}}