{"id":283,"date":"2017-02-01T22:01:48","date_gmt":"2017-02-01T20:01:48","guid":{"rendered":"http:\/\/www.sparmarkt-winkler.at\/wordpress\/?page_id=283"},"modified":"2017-02-01T22:42:51","modified_gmt":"2017-02-01T20:42:51","slug":"service","status":"publish","type":"page","link":"http:\/\/www.sparmarkt-winkler.at\/wordpress\/?page_id=283","title":{"rendered":"Service"},"content":{"rendered":"<h2>Weil es mehr als nur ein Wort ist.<\/h2>\n<p><em>Menschlichkeit ist in einer automatisierten Welt wie heute etwas sehr wichtiges. Wir sind keine Maschinen, wir haben alle andere Bed\u00fcrfnisse \/ W\u00fcnsche oder Vorstellungen. Daher f\u00e4ngt bei uns der Service dort an, wo unsere Kunden spezielle W\u00fcnsche haben, da auch kleinigkeiten menschlich viel bewegen k\u00f6nnen und ein Leben sehr erleichtern k\u00f6nnen.<\/em><\/p>\n<p>&nbsp;<\/p>\n<h3><img src=\"http:\/\/www.sparmarkt-winkler.at\/images\/herz.jpg\" alt=\"\" \/>Platten uns Br\u00f6tchenservice<\/h3>\n<p>Wir bereiten f\u00fcr Sie nach Vorbestellung Ihre Platten und Br\u00f6tchen nach Wunsch! Unsere Feinkostmitarbeiter freuen sich auf Ihre Bestellung! Unser Br\u00f6tchenservice kommt seit Jahren schon sehr gut bei den Besuchern, der Geierwally Freilichtspiele an, die wir bewirten. Siehe auch unter &#8222;News&#8220;.<\/p>\n<p><img src=\"http:\/\/www.sparmarkt-winkler.at\/images\/service_12.jpg\" alt=\"\" border=\"2\" \/>\u00a0 <img src=\"http:\/\/www.sparmarkt-winkler.at\/images\/service_13.jpg\" alt=\"\" border=\"2\" \/>\u00a0 <img src=\"http:\/\/www.sparmarkt-winkler.at\/images\/service_14.jpg\" alt=\"\" border=\"2\" \/><\/p>\n<p>&nbsp;<\/p>\n<h3><img src=\"http:\/\/www.sparmarkt-winkler.at\/images\/herz.jpg\" alt=\"\" \/> Direct to Home<\/h3>\n<p>Unser Lieferservice | Sie haben gr\u00f6\u00dfere Eink\u00e4ufe zu t\u00e4tigen oder planen eine Feier?<br \/>\nAuch gibt es im Lechtal Orte ohne eigenes Lebensmittelgesch\u00e4ft. Mit unserem SPAR Lieferservice lassen wir nat\u00fcrlich auch \u00e4ltere oder kranke Menschen nicht im Stich. Ihr SPAR Winkler Lieferdienst bringt es Ihnen auf Wunsch nach Hause!<\/p>\n<p><img src=\"http:\/\/www.sparmarkt-winkler.at\/images\/service_01.jpg\" alt=\"\" border=\"2\" \/><\/p>\n<p>&nbsp;<\/p>\n<h3><img src=\"http:\/\/www.sparmarkt-winkler.at\/images\/herz.jpg\" alt=\"\" \/>Bargeldlos zahlen<\/h3>\n<p>Schon seit einigen Jahren Standard, bei uns nun auch mit Kreditkartenzahlung.<br \/>\nAuf unseren 3 Bankomatkassen k\u00f6nnen Sie Ihre Eink\u00e4ufe bequem mit VISA, Master Card, Maestro, American Express und Quick, der elektronischen Geldb\u00f6rse bezahlen.<br \/>\nHandywertkarten gibt es ebenfalls an allen Kassen f\u00fcr alle g\u00e4ngigen Netze.<\/p>\n<p><img src=\"http:\/\/www.sparmarkt-winkler.at\/images\/service_03.jpg\" alt=\"\" border=\"2\" \/><img src=\"http:\/\/www.sparmarkt-winkler.at\/images\/service_04.jpg\" alt=\"\" border=\"2\" \/><img src=\"http:\/\/www.sparmarkt-winkler.at\/images\/service_05.jpg\" alt=\"\" border=\"2\" \/><img src=\"http:\/\/www.sparmarkt-winkler.at\/images\/service_06.jpg\" alt=\"\" border=\"2\" \/><\/p>\n<p>&nbsp;<\/p>\n<h3><img src=\"http:\/\/www.sparmarkt-winkler.at\/images\/herz.jpg\" alt=\"\" \/>Geschenksdienst<\/h3>\n<p>Gerne erstellen wir f\u00fcr Sie individuelle Geschenksk\u00f6rbe zu jedem Anlass.<\/p>\n<p><img src=\"http:\/\/www.sparmarkt-winkler.at\/images\/service_07.jpg\" alt=\"\" border=\"2\" \/>\u00a0 <img src=\"http:\/\/www.sparmarkt-winkler.at\/images\/service_08.jpg\" alt=\"\" border=\"2\" \/><\/p>\n<p>&nbsp;<\/p>\n<h3><img src=\"http:\/\/www.sparmarkt-winkler.at\/images\/herz.jpg\" alt=\"\" \/>Kaffee und Jausenecke<\/h3>\n<p>Die kleine Pause nach dem Einkauf oder einfach nur, der Treffpunkt auf einen Plausch !<br \/>\nIn unserer kleinen Kaffee Ecke k\u00f6nnen sie entspannt verweilen. Unser Hei\u00df-Getr\u00e4nkeautomat h\u00e4lt 5 Getr\u00e4nkesorten f\u00fcr sie bereit:<br \/>\nKaffee ( Milch \/ Zucker) Espresso, Latte Macchiato, Cappuccino oder hei\u00dfe Schokolade.<br \/>\nDen kleinen Snack erhalten sie direkt aus unserer gut sortierten Feinkost bzw. aus unserer Backwarenabteilung. Backstubenfrisch !<br \/>\nF\u00fcr die hei\u00dfen Sommertage haben wir auch Getr\u00e4nke f\u00fcr sie eingek\u00fchlt.<\/p>\n<p><img src=\"http:\/\/www.sparmarkt-winkler.at\/images\/service_10.jpg\" alt=\"\" border=\"2\" \/>\u00a0 <img src=\"http:\/\/www.sparmarkt-winkler.at\/images\/service_11.jpg\" alt=\"\" border=\"2\" \/><\/p>\n","protected":false},"excerpt":{"rendered":"<p>Weil es mehr als nur ein Wort ist. Menschlichkeit ist in einer automatisierten Welt wie heute etwas sehr wichtiges. Wir sind keine Maschinen, wir haben alle andere Bed\u00fcrfnisse \/ W\u00fcnsche oder Vorstellungen. Daher f\u00e4ngt bei uns der Service dort an,<span class=\"ellipsis\">&hellip;<\/span><\/p>\n<div class=\"read-more\"><a href=\"http:\/\/www.sparmarkt-winkler.at\/wordpress\/?page_id=283\">Weiterlesen \u203a<\/a><\/div>\n<p><!-- end of .read-more --><\/p>\n","protected":false},"author":2,"featured_media":0,"parent":0,"menu_order":0,"comment_status":"closed","ping_status":"closed","template":"full-width-page.php","meta":[],"_links":{"self":[{"href":"http:\/\/www.sparmarkt-winkler.at\/wordpress\/index.php?rest_route=\/wp\/v2\/pages\/283"}],"collection":[{"href":"http:\/\/www.sparmarkt-winkler.at\/wordpress\/index.php?rest_route=\/wp\/v2\/pages"}],"about":[{"href":"http:\/\/www.sparmarkt-winkler.at\/wordpress\/index.php?rest_route=\/wp\/v2\/types\/page"}],"author":[{"embeddable":true,"href":"http:\/\/www.sparmarkt-winkler.at\/wordpress\/index.php?rest_route=\/wp\/v2\/users\/2"}],"replies":[{"embeddable":true,"href":"http:\/\/www.sparmarkt-winkler.at\/wordpress\/index.php?rest_route=%2Fwp%2Fv2%2Fcomments&post=283"}],"version-history":[{"count":2,"href":"http:\/\/www.sparmarkt-winkler.at\/wordpress\/index.php?rest_route=\/wp\/v2\/pages\/283\/revisions"}],"predecessor-version":[{"id":286,"href":"http:\/\/www.sparmarkt-winkler.at\/wordpress\/index.php?rest_route=\/wp\/v2\/pages\/283\/revisions\/286"}],"wp:attachment":[{"href":"http:\/\/www.sparmarkt-winkler.at\/wordpress\/index.php?rest_route=%2Fwp%2Fv2%2Fmedia&parent=283"}],"curies":[{"name":"wp","href":"https:\/\/api.w.org\/{rel}","templated":true}]}}