{"id":278,"date":"2017-02-01T21:33:49","date_gmt":"2017-02-01T19:33:49","guid":{"rendered":"http:\/\/www.sparmarkt-winkler.at\/wordpress\/?page_id=278"},"modified":"2017-02-01T22:42:45","modified_gmt":"2017-02-01T20:42:45","slug":"regionales-sortiment","status":"publish","type":"page","link":"http:\/\/www.sparmarkt-winkler.at\/wordpress\/?page_id=278","title":{"rendered":"Regionales Sortiment"},"content":{"rendered":"<h1><b><span style=\"color: #cc0000; font-family: Verdana; font-size: x-large;\">Regionales Sortiment.<\/span><\/b><\/h1>\n<h2><b><span style=\"color: #cc0000; font-family: Verdana; font-size: x-large;\">SPAR Winkler stark in Regionalit\u00e4t.<\/span><\/b><\/h2>\n<p align=\"center\"><span style=\"color: #000000; font-family: Verdana; font-size: small;\"><em>Weil guter Geschmack zu Hause ist, spezialisieren wir uns haupts\u00e4chlich auf Spezialit\u00e4ten in unserer Region. So wie wir es kennen und lieben. Einfach so wie wir es m\u00f6gen und Sch\u00e4tzen. Daher finden Sie bei uns nat\u00fcrlich ganz selbstverst\u00e4ndlich auch Produkte aus dem Lechtal!<\/em><br \/>\n<\/span><\/p>\n<h3><img src=\"http:\/\/www.sparmarkt-winkler.at\/images\/rufzeichen.jpg\" alt=\"\" \/>Lechtaler Kinder CD<\/h3>\n<p>Kinder CD von Bluatschink Toni Knittel<br \/>\n-Drachen, Zwerge, Zauberwesen um 15 \u20ac<br \/>\n-weiterhin erh\u00e4ltlich: die DVD zum Musical Ritter Rudigier um 18 \u20ac<\/p>\n<p><img src=\"http:\/\/www.sparmarkt-winkler.at\/images\/regio_ss_bluats_01.jpg\" alt=\"\" \/><\/p>\n<p>&nbsp;<\/p>\n<h3><img src=\"http:\/\/www.sparmarkt-winkler.at\/images\/rufzeichen.jpg\" alt=\"\" \/>Lechtaler Naturk\u00e4serei Sojer aus Steeg<\/h3>\n<p><strong>K\u00e4se aus unserer Region in folgenden Sorten:<\/strong><br \/>\n-Lechtaler Emmentaler<br \/>\n-Lechtaler Bergk\u00e4se<br \/>\n-Sojer`s Rahmtilsiter<br \/>\n-Steeger Dorfk\u00e4se<br \/>\n-K\u00fcrbiskernk\u00e4se<br \/>\n-Sojer`s Winzling<br \/>\n-und den Lechtaler Bachsteiner<\/p>\n<p><img src=\"http:\/\/www.sparmarkt-winkler.at\/images\/regio_ss_sojer_01.jpg\" alt=\"\" \/><\/p>\n<p>&nbsp;<\/p>\n<h3><img src=\"http:\/\/www.sparmarkt-winkler.at\/images\/rufzeichen.jpg\" alt=\"\" \/><strong>Metzger Sonnweber aus Stanzach<br \/>\n<\/strong><\/h3>\n<p><strong>W\u00fcrstl aus unserer Region in folgenden Sorten:<\/strong><br \/>\n-Deftige Lechtaler Hausw\u00fcrstl, geselcht oder &#8222;gr\u00fcn&#8220;<br \/>\n-W\u00fcrzige Landj\u00e4ger in besonderer Qualit\u00e4t<br \/>\n-und Frische &#8222;Wienerle&#8220; (Frankfurter)<\/p>\n<p><img src=\"http:\/\/www.sparmarkt-winkler.at\/images\/regio_ss_metzger_01.jpg\" alt=\"\" \/><\/p>\n<p>&nbsp;<\/p>\n<h3><img src=\"http:\/\/www.sparmarkt-winkler.at\/images\/rufzeichen.jpg\" alt=\"\" \/>Frisches Brot und Geb\u00e4ck<\/h3>\n<p>Neben unserer SPAR Frischbackstation, in der mehrmals t\u00e4glich ofenfrische Semmeln und Kleingeb\u00e4ck gebacken wird, f\u00fchren wir k\u00f6stliche Brotspezialit\u00e4ten von 3 heimischen B\u00e4ckern:<br \/>\n-B\u00e4ckerei Ursula Knitel aus Holzgau<br \/>\n-B\u00e4ckerei Martin Bitschnau aus Bach<br \/>\n-Brot- und Feinb\u00e4ckerei Urban Winkler aus Stanzach<\/p>\n<p>Alle unsere B\u00e4cker haben Ihre ganz pers\u00f6nlichen St\u00e4rken und produzieren Brot und Geb\u00e4ck in h\u00f6chster Qualit\u00e4t &#8211; garantiert t\u00e4glich frisch!<\/p>\n<p><img src=\"http:\/\/www.sparmarkt-winkler.at\/images\/regio_ss_baeck_01.jpg\" alt=\"\" \/>\u00a0 <img src=\"http:\/\/www.sparmarkt-winkler.at\/images\/regio_ss_baeck_02.jpg\" alt=\"\" \/>\u00a0 <img src=\"http:\/\/www.sparmarkt-winkler.at\/images\/regio_ss_baeck_03.jpg\" alt=\"\" \/><\/p>\n<p>&nbsp;<\/p>\n<h3><img src=\"http:\/\/www.sparmarkt-winkler.at\/images\/rufzeichen.jpg\" alt=\"\" \/>Hausgemachtes aus eigener Erzeugung<\/h3>\n<p>Das Original gibt es nur bei uns &#8211; oft kopiert, nie erreicht unsere Original SPAR Winkler Schmankerl:<br \/>\n-Sandwichsauce f\u00fcr Toast, Pizza und Barbecue ist weitum bekannt und wird sogar bis Innsbruck mitgenommen!<br \/>\n-Frischer Mayonnaisesalat<br \/>\n-Leberkn\u00f6del<br \/>\n-Tiroler Kn\u00f6del<br \/>\n-K\u00e4sekn\u00f6del &#8211; werden bei uns im Haus frisch produziert und schonend tiefgefroren.<\/p>\n<p>Bitte beachten Sie, dass unsere hausgemachten Kn\u00f6del tiefgefroren erh\u00e4ltlich sind. Wenn die Ware an- oder aufgetaut ist, bitte nicht wieder einfrieren und alsbald verbrauchen.<\/p>\n<p><img src=\"http:\/\/www.sparmarkt-winkler.at\/images\/regio_ss_winkler_01.jpg\" alt=\"\" \/>\u00a0 <img src=\"http:\/\/www.sparmarkt-winkler.at\/images\/regio_ss_winkler_02.jpg\" alt=\"\" \/>\u00a0 <img src=\"http:\/\/www.sparmarkt-winkler.at\/images\/regio_ss_winkler_03.jpg\" alt=\"\" \/> \u00a0<img src=\"http:\/\/www.sparmarkt-winkler.at\/images\/regio_ss_winkler_04.jpg\" alt=\"\" \/><\/p>\n<p>&nbsp;<\/p>\n<h3><img src=\"http:\/\/www.sparmarkt-winkler.at\/images\/rufzeichen.jpg\" alt=\"\" \/>Unsere Hei\u00dfe Theke<\/h3>\n<p>Warmes f\u00fcr Genie\u00dfer<br \/>\nWarmer Fleischk\u00e4se in drei k\u00f6stlichen Sorten (normal, pikant und K\u00e4se), w\u00fcrziges Grillhendl oder H\u00fchnerteile sind dort ebenso zu finden, wie Schweinsbraten, Fleischlaibchen oder Spareribs.<br \/>\nOder wie w\u00e4rs mit einer knusprigen Schweinshaxe gegen Vorbestellung?<br \/>\nAppetit? Dann rasch zu SPAR Winkler in den Lechpark!<\/p>\n<p>&nbsp;<\/p>\n<h3><img src=\"http:\/\/www.sparmarkt-winkler.at\/images\/rufzeichen.jpg\" alt=\"\" \/>Unser Feinkost Plattenservice<\/h3>\n<p>Sie haben eine tolle Veranstaltung geplant? M\u00f6chten ein Familienfest abhalten?<br \/>\n-Dann haben wir die perfekte Idee dazu!<br \/>\nGerne erstellen wir Ihnen f\u00fcr Ihre Feier Wurst und K\u00e4seplatten, ganze Aufschnittsortimente oder vielleicht als ganz besondere Partyidee, eine belegte Riesenbreze?<br \/>\nSogar panierte Schnitzel und Kartoffelsalat sind auf Wunsch gerne erh\u00e4ltlich.<\/p>\n<p>Auch unser Getr\u00e4nkesortiment bietet Ihnen die richtigen Getr\u00e4nke f\u00fcr Ihre Veranstaltung!<\/p>\n<p><img src=\"http:\/\/www.sparmarkt-winkler.at\/images\/regio_ss_fk_01.jpg\" alt=\"\" \/>\u00a0 <img src=\"http:\/\/www.sparmarkt-winkler.at\/images\/regio_ss_fk_02.jpg\" alt=\"\" \/><\/p>\n","protected":false},"excerpt":{"rendered":"<p>Regionales Sortiment. SPAR Winkler stark in Regionalit\u00e4t. Weil guter Geschmack zu Hause ist, spezialisieren wir uns haupts\u00e4chlich auf Spezialit\u00e4ten in unserer Region. So wie wir es kennen und lieben. Einfach so wie wir es m\u00f6gen und Sch\u00e4tzen. Daher finden Sie<span class=\"ellipsis\">&hellip;<\/span><\/p>\n<div class=\"read-more\"><a href=\"http:\/\/www.sparmarkt-winkler.at\/wordpress\/?page_id=278\">Weiterlesen \u203a<\/a><\/div>\n<p><!-- end of .read-more --><\/p>\n","protected":false},"author":2,"featured_media":0,"parent":0,"menu_order":0,"comment_status":"closed","ping_status":"closed","template":"full-width-page.php","meta":[],"_links":{"self":[{"href":"http:\/\/www.sparmarkt-winkler.at\/wordpress\/index.php?rest_route=\/wp\/v2\/pages\/278"}],"collection":[{"href":"http:\/\/www.sparmarkt-winkler.at\/wordpress\/index.php?rest_route=\/wp\/v2\/pages"}],"about":[{"href":"http:\/\/www.sparmarkt-winkler.at\/wordpress\/index.php?rest_route=\/wp\/v2\/types\/page"}],"author":[{"embeddable":true,"href":"http:\/\/www.sparmarkt-winkler.at\/wordpress\/index.php?rest_route=\/wp\/v2\/users\/2"}],"replies":[{"embeddable":true,"href":"http:\/\/www.sparmarkt-winkler.at\/wordpress\/index.php?rest_route=%2Fwp%2Fv2%2Fcomments&post=278"}],"version-history":[{"count":3,"href":"http:\/\/www.sparmarkt-winkler.at\/wordpress\/index.php?rest_route=\/wp\/v2\/pages\/278\/revisions"}],"predecessor-version":[{"id":282,"href":"http:\/\/www.sparmarkt-winkler.at\/wordpress\/index.php?rest_route=\/wp\/v2\/pages\/278\/revisions\/282"}],"wp:attachment":[{"href":"http:\/\/www.sparmarkt-winkler.at\/wordpress\/index.php?rest_route=%2Fwp%2Fv2%2Fmedia&parent=278"}],"curies":[{"name":"wp","href":"https:\/\/api.w.org\/{rel}","templated":true}]}}