{"id":230,"date":"2012-11-07T14:58:59","date_gmt":"2012-11-07T12:58:59","guid":{"rendered":"http:\/\/www.sparmarkt-winkler.at\/wordpress\/?page_id=230"},"modified":"2017-02-01T22:42:21","modified_gmt":"2017-02-01T20:42:21","slug":"angebote-aktuell-im-sortiment","status":"publish","type":"page","link":"http:\/\/www.sparmarkt-winkler.at\/wordpress\/?page_id=230","title":{"rendered":"Angebote \/ Aktuell"},"content":{"rendered":"<h1>Jetzt zuschlagen!<\/h1>\n<p><span style=\"font-family: Verdana; font-size: small; color: #000000;\"><span style=\"font-family: Verdana; font-size: small;\"><span style=\"font-family: Verdana; font-size: x-large;\"><span style=\"font-family: Verdana; font-size: small;\"><strong>Grillen? Holen Sie sich die passenden Getr\u00e4nke!<\/strong><br \/>\n&#8211; Die Getr\u00e4nkesaison 2012 bringt vorallem eines: Schwung in den Radlermarkt! Probieren auch sie die neue Vielfalt! Und f\u00fcr die kleineren: Der neue SPAR Eistee in den Sorten Zitrone und Pfirsich! Jetzt testen!<\/span><\/span><\/span><\/span><\/p>\n<p><span style=\"color: #000000;\"><strong>Obst und Gem\u00fcse?<\/strong><\/span><br \/>\n<span style=\"color: #000000;\"> &#8211; Die ersten Frischwaren aus Tirol eingetroffen! Jetzt Eisbergsalat und Erdbeeren aus der Nachbarschaft kaufen!<\/span><\/p>\n<p><span style=\"color: #000000;\"><strong>Kleben?<\/strong><\/span><br \/>\n<span style=\"color: #000000;\"> &#8211; Stickermania 4 ist gestartet, jetzt sammeln!<\/span><\/p>\n","protected":false},"excerpt":{"rendered":"<p>Jetzt zuschlagen! Grillen? Holen Sie sich die passenden Getr\u00e4nke! &#8211; Die Getr\u00e4nkesaison 2012 bringt vorallem eines: Schwung in den Radlermarkt! Probieren auch sie die neue Vielfalt! Und f\u00fcr die kleineren: Der neue SPAR Eistee in den Sorten Zitrone und Pfirsich!<span class=\"ellipsis\">&hellip;<\/span><\/p>\n<div class=\"read-more\"><a href=\"http:\/\/www.sparmarkt-winkler.at\/wordpress\/?page_id=230\">Weiterlesen \u203a<\/a><\/div>\n<p><!-- end of .read-more --><\/p>\n","protected":false},"author":2,"featured_media":0,"parent":0,"menu_order":0,"comment_status":"closed","ping_status":"closed","template":"full-width-page.php","meta":[],"_links":{"self":[{"href":"http:\/\/www.sparmarkt-winkler.at\/wordpress\/index.php?rest_route=\/wp\/v2\/pages\/230"}],"collection":[{"href":"http:\/\/www.sparmarkt-winkler.at\/wordpress\/index.php?rest_route=\/wp\/v2\/pages"}],"about":[{"href":"http:\/\/www.sparmarkt-winkler.at\/wordpress\/index.php?rest_route=\/wp\/v2\/types\/page"}],"author":[{"embeddable":true,"href":"http:\/\/www.sparmarkt-winkler.at\/wordpress\/index.php?rest_route=\/wp\/v2\/users\/2"}],"replies":[{"embeddable":true,"href":"http:\/\/www.sparmarkt-winkler.at\/wordpress\/index.php?rest_route=%2Fwp%2Fv2%2Fcomments&post=230"}],"version-history":[{"count":6,"href":"http:\/\/www.sparmarkt-winkler.at\/wordpress\/index.php?rest_route=\/wp\/v2\/pages\/230\/revisions"}],"predecessor-version":[{"id":290,"href":"http:\/\/www.sparmarkt-winkler.at\/wordpress\/index.php?rest_route=\/wp\/v2\/pages\/230\/revisions\/290"}],"wp:attachment":[{"href":"http:\/\/www.sparmarkt-winkler.at\/wordpress\/index.php?rest_route=%2Fwp%2Fv2%2Fmedia&parent=230"}],"curies":[{"name":"wp","href":"https:\/\/api.w.org\/{rel}","templated":true}]}}