{"id":226,"date":"2012-11-07T14:53:55","date_gmt":"2012-11-07T12:53:55","guid":{"rendered":"http:\/\/www.sparmarkt-winkler.at\/wordpress\/?page_id=226"},"modified":"2017-02-01T22:43:16","modified_gmt":"2017-02-01T20:43:16","slug":"danksagung","status":"publish","type":"page","link":"http:\/\/www.sparmarkt-winkler.at\/wordpress\/?page_id=226","title":{"rendered":"Danksagung"},"content":{"rendered":"<p><strong>Werte Mitarbeiter, liebe Kunden!<\/strong><\/p>\n<p>Mitte September erreichte mich ein Anruf unseres Vertriebsleiters, der mir mitteilte, dass unser Markt in diesem Jahr die \u201egoldene Tanne\u201c, eine der gr\u00f6\u00dften Auszeichnungen im SPAR Einzelhandel, gewonnen hat.Anfangs konnte ich es gar nicht glauben, aber als ich dann am 02. Oktober die Tanne in der Steiermark vom SPAR Vorstand entgegen nehmen durfte, wurde es Realit\u00e4t. Dies ist ein starker Leistungsbeweis der gesamten Mitarbeiter, die stets um unsere Kunden bem\u00fcht sind, und unseren SPAR Markt t\u00e4glich aufs Neue, auf Hochglanz bringen.<\/p>\n<p><strong>Nur gemeinsam sind wir stark<\/strong> \u2013 und ich bin stolz mit einem Team zu arbeiten, mit dem man solche Auszeichnungen gewinnen kann.<\/p>\n<p>Ich m\u00f6chte mich an dieser Stelle recht Herzlich bei meinen Mitarbeitern f\u00fcr die besonderen Leistungen in unserem SPAR Markt, und auch bei unseren Kunden bedanken, die uns stets die Treue halten und unseren Markt bei der Kundenbefragung zu einem der besten im Lande gew\u00e4hlt haben.<\/p>\n<p>Die TANNE soll unser Ansporn sein, auch k\u00fcnftig unseren Kunden das Beste zu bieten und weiterhin Ihr pers\u00f6nlicher Nahversorger mit Qualit\u00e4t zu sein.<\/p>\n<p><em>Euer SPAR Kaufmann, Thomas Winkler<\/em><\/p>\n<p><img class=\"aligncenter\" src=\"http:\/\/www.sparmarkt-winkler.at\/images\/gold_pic6.jpg\" alt=\"\" \/><\/p>\n","protected":false},"excerpt":{"rendered":"<p>Werte Mitarbeiter, liebe Kunden! Mitte September erreichte mich ein Anruf unseres Vertriebsleiters, der mir mitteilte, dass unser Markt in diesem Jahr die \u201egoldene Tanne\u201c, eine der gr\u00f6\u00dften Auszeichnungen im SPAR Einzelhandel, gewonnen hat.Anfangs konnte ich es gar nicht glauben, aber<span class=\"ellipsis\">&hellip;<\/span><\/p>\n<div class=\"read-more\"><a href=\"http:\/\/www.sparmarkt-winkler.at\/wordpress\/?page_id=226\">Weiterlesen \u203a<\/a><\/div>\n<p><!-- end of .read-more --><\/p>\n","protected":false},"author":2,"featured_media":0,"parent":197,"menu_order":0,"comment_status":"closed","ping_status":"closed","template":"full-width-page.php","meta":[],"_links":{"self":[{"href":"http:\/\/www.sparmarkt-winkler.at\/wordpress\/index.php?rest_route=\/wp\/v2\/pages\/226"}],"collection":[{"href":"http:\/\/www.sparmarkt-winkler.at\/wordpress\/index.php?rest_route=\/wp\/v2\/pages"}],"about":[{"href":"http:\/\/www.sparmarkt-winkler.at\/wordpress\/index.php?rest_route=\/wp\/v2\/types\/page"}],"author":[{"embeddable":true,"href":"http:\/\/www.sparmarkt-winkler.at\/wordpress\/index.php?rest_route=\/wp\/v2\/users\/2"}],"replies":[{"embeddable":true,"href":"http:\/\/www.sparmarkt-winkler.at\/wordpress\/index.php?rest_route=%2Fwp%2Fv2%2Fcomments&post=226"}],"version-history":[{"count":2,"href":"http:\/\/www.sparmarkt-winkler.at\/wordpress\/index.php?rest_route=\/wp\/v2\/pages\/226\/revisions"}],"predecessor-version":[{"id":228,"href":"http:\/\/www.sparmarkt-winkler.at\/wordpress\/index.php?rest_route=\/wp\/v2\/pages\/226\/revisions\/228"}],"up":[{"embeddable":true,"href":"http:\/\/www.sparmarkt-winkler.at\/wordpress\/index.php?rest_route=\/wp\/v2\/pages\/197"}],"wp:attachment":[{"href":"http:\/\/www.sparmarkt-winkler.at\/wordpress\/index.php?rest_route=%2Fwp%2Fv2%2Fmedia&parent=226"}],"curies":[{"name":"wp","href":"https:\/\/api.w.org\/{rel}","templated":true}]}}