{"id":212,"date":"2012-11-07T14:41:29","date_gmt":"2012-11-07T12:41:29","guid":{"rendered":"http:\/\/www.sparmarkt-winkler.at\/wordpress\/?page_id=212"},"modified":"2017-02-01T22:43:22","modified_gmt":"2017-02-01T20:43:22","slug":"faq-fachbegriffe","status":"publish","type":"page","link":"http:\/\/www.sparmarkt-winkler.at\/wordpress\/?page_id=212","title":{"rendered":"FAQ Fachbegriffe"},"content":{"rendered":"<h1>Einfach erkl\u00e4rt!<\/h1>\n<p><span style=\"color: #000000; font-family: Verdana; font-size: small;\"><span style=\"font-family: Verdana; font-size: small;\"><span style=\"font-size: xx-large;\"><span style=\"font-size: small;\"><span style=\"font-family: Verdana; font-size: small;\">Rund um die goldene Tanne schwirren auch einige im Handel \u00fcbliche Fachbegriffe. Damit Sie wissen von was die Rede ist hier unsere anl\u00e4\u00dflich unseren Goldenen Tanne erstellten Unterseite Handel f\u00fcr Einsteiger! \ud83d\ude09<\/span><\/span><\/span><\/span><\/span><\/p>\n<p><span style=\"color: #000000;\"><strong>SPAR Zweigniederlassungen<\/strong><\/span><br \/>\n<span style=\"color: #000000;\"> Um viele tausende Kilometer im Jahr zu ersparen, unterh\u00e4lt die SPAR in \u00d6sterreich 6 Zweigniederlassungen und ein Zentrallager in Wels. Die Hauptzentrale in Salzburg dient der Verwaltung und ist das Rechenzentrum der SPAR.<\/span><\/p>\n<p><center><span style=\"color: #000000;\"><img src=\"http:\/\/www.sparmarkt-winkler.at\/images\/gold_spar.jpg\" alt=\"\" \/><\/span><\/center><span style=\"color: #000000; font-family: Verdana; font-size: small;\"><span style=\"font-size: xx-large;\"><span style=\"font-size: small;\"><span style=\"font-family: Verdana; font-size: small;\"><br \/>\nDie f\u00fcr uns zust\u00e4ndige Zweigniederlassung ist die Zentrale in W\u00f6rgl. Sie beliefert die Standorte in Tirol und Salzburg mit Frischeartikeln und sogenannten &#8222;Schnelldrehenden&#8220; Artikeln. Angeschlossen an die Zentrale ist auch ein TANN Fleischwerk, das frischeste Ware garantiert.<\/span><\/span><\/span><\/span><\/p>\n<p><span style=\"color: #000000;\"><strong>Schnelldrehende und langsam drehende Artikel<\/strong><\/span><br \/>\n<span style=\"color: #000000;\"> Ein durchschnittlicher SPAR Markt hat etwa 5.000 Artikel im Angebot. Das diese Artikel t\u00e4glich im Regal sind, Bedarf einer genau durchgeplanten Logistik. Innerhalb eines Marktes gibt es Artikel wie zum Beispiel Kaffeemilch, die einen sehr guten Absatz haben. Innerhalb des &#8222;Trockensortiments&#8220; gibt es dann aber auch wieder Produkte die weniger nachgefragt werden, wie zum Beispiel Batterien. Ein Artikel der ewig im Regal liegt und nur sehr schwer verkaufbar ist, nennt man Langsamdreher, einer wie eben die Kaffeemilch, ist ein Schnelldreher. Langsamdrehende Artikel hat nicht jede Zweigniederlassung extra lagernd, sondern das Zentrallager in Wels. Das beliefert die gesamten M\u00e4rkte in \u00d6sterreich mit eben jenen Artikeln.<\/span><\/p>\n<p><span style=\"color: #000000;\"><strong>Trockensortiment<\/strong><\/span><br \/>\n<span style=\"color: #000000;\"> Ein Markt gliedert sich in die unterschiedlichsten Sortimente. Nur was bedeutet Trockensortiment? H\u00f6rt man immer wieder, aber was ist das? Kurioserweise geh\u00f6rt zum Trockensortiment, das intern auch kurz TS genannt wird, auch die Getr\u00e4nke. Kurz um als Trockensortiment wird alles bezeichnet, was nicht gek\u00fchlt, nicht tiefgek\u00fchlt, aber zum Verzehr gedacht ist mit Ausnahme von Obst und Gem\u00fcse. Obst und Gem\u00fcse wird zusammen mit Milch, Wurst, K\u00e4se und Fleisch vom &#8222;Frischdienst&#8220; t\u00e4glich geliefert. Klopapier, Reinigungsmittel, Kosmetika und \u00e4hnliches sind sogenannte Non-Food Artikel.<\/span><\/p>\n<p><span style=\"color: #000000;\"><strong>Nahversorger<\/strong><\/span><br \/>\n<span style=\"color: #000000;\"> Was ist ein klassischer Nahversorger? Kann ein Nahversorger auch ein riesiger Interspar Markt mitten in der Stadt sein? Die Antwort lautet ja. Es gibt Nahversorger im &#8222;engeren Sinn&#8220; und Nahversorger im &#8222;erweiterten Sinn&#8220;. Ein kleiner SPAR Markt stellt die Nahversorgung im engeren Sinn her, also f\u00fcr Produkte des t\u00e4glichen Bedarfs. Eine Apotheke, Bank, Post oder eben ein riesiger Interspar Markt, ist ein Nahversorger im erweiterten Sinn.<\/span><\/p>\n<p><span style=\"color: #000000;\"><strong>Gesamtpr\u00e4sentation eines Marktes<\/strong><\/span><br \/>\n<span style=\"color: #000000;\"> Wie pr\u00e4sentiert man sich mit seinem Markt? Ein sauberes, gepflegtes, ordentliches Gesch\u00e4ft zu f\u00fchren ist mit extrem viel Arbeit verbunden. Das f\u00e4ngt mit der richtigen Planung an. Es muss der &#8222;Kundenlauf&#8220; passen, Bei der Obst und Gem\u00fcse Abteilung sollte eine &#8222;vertikale Streifenbildung&#8220; vorhanden sein und im Idealfall der &#8222;Belegplan&#8220; umgesetzt worden sein. Die Preisauszeichnung muss korrekt und vollst\u00e4ndig sein. In den Regalen muss die &#8222;Schlichtung&#8220; und &#8222;Durchschlichtung&#8220; passen, das &#8222;\u00dcberlager&#8220; darf nicht zu voll sein, da man sonst Probleme mit &#8222;First in First Out&#8220; und &#8222;Out of Stock&#8220; bekommt. Die Sauberkeit muss genauso passen, wie die &#8222;HACCP&#8220; Regeln eingehalten wurden, die K\u00fchlketten d\u00fcrfen nicht unterbrochen werden und und und, das ist nur ein kleiner Einblick was alles notwendig ist, damit der Kunde ein positives Einkaufserlebnis hat.<\/span><\/p>\n<p><span style=\"color: #000000;\"><strong>Kundenlauf<\/strong><\/span><br \/>\n<span style=\"color: #000000;\"> Unter Kundenlauf versteht man die Hauptlastrichtung in dem die meisten Kunden durch ein Gesch\u00e4ft bzw Gang gehen. Dies ist wichtig f\u00fcr die Umsetzung der Empfohlenen Belegpl\u00e4ne, ein Beispiel warum der Kundenlauf so wichtig ist, zeigt die Obst und Gem\u00fcse Abteilung. Hier f\u00e4ngt man mit dem Obst an. Warum ist das so? Denken wir an unseren Einkauf. Was haben wir alles auf der Liste? Hauptgericht, Nachspeise, Salat,&#8230;. nur wo ist das Obst? F\u00fcr die meisten Kunden ist Obst ein Impulskauf. Obst kaufe ich meistens nur dann wenn mich die Farben \/ Frische \u00fcberzeugt und mich direkt zum einkaufen einl\u00e4d. Keiner kauft braun \/ schwarze Bananen gern. Gelbe frische sch\u00f6ne Bananen hingegen laden direkt zum Einkaufen ein. Eine Milch brauche ich, die steht auf der Liste, Obst muss auf sich aufmerksam machen. Und wo ist die Aufmerksamkeit am h\u00f6chsten? Genau, ganz am Anfang des Einkaufs. Nehmen wir an die Abteilung w\u00e4re die letzte. Hier ist der Einkaufswagen schon recht voll, man findet das man genug gekauft hat, und wird eher kein Obst mehr kaufen. Das alles passiert unterbewusst. Zu unserem indemfall gesunden Vorteil \ud83d\ude42<\/span><\/p>\n<p><span style=\"color: #000000;\"><strong>Vertikale Streifenbildung<\/strong><\/span><br \/>\n<span style=\"color: #000000;\"> Hierzu zwei kleine Beispiele. Man nehme einen Golden Delicious Apfel und einen Granny Smith, diese zwei legen wir nebeneinander und vergleichen sie. Welcher sieht frischer \/ saftiger aus? Nat\u00fcrlich der Granny Smith, denn der ist durch gr\u00fcn und hat eine kr\u00e4ftige Farbe. Der Golden Delicious wirkt hingegen alt und abgelegen, ist aber durchaus in Ordnung. Als n\u00e4chstes Beispiel nehmen wir einen Endiviensalat und einen frischen Kopfsalat. Auch diese zwei legen wir neben einander. Wer wirkt frischer? Ganz klar der Kopfsalat. Aber warum? Der Endiviensalat ist genauso frisch und gut. Nur ist er eben meist nicht so gr\u00fcn sondern eher gelblich. Wenn uns das schon bei diesen beiden Beispielen im kleinen Stil so auff\u00e4llt, wie mag es dann erst im Gesch\u00e4ft aussehen wenn man alle gr\u00fcnen \/ gelblichen \u00c4pfel nebeneinander ins Regal r\u00e4umt? Wir w\u00fcrden ganz automatisch den frischer aussehenden Artikel kaufen obwohl der andere absolut gleichwertig frisch ist. Gerade beim Obst und Gem\u00fcse gibt es hunderte solcher Beispiele. Was macht man dagegen? Man r\u00e4umt neben dem Kopfsalat eine Reihe Tomaten und dann erst den Endiviensalat. Zwischen zwei gr\u00fcnen \u00c4pfeln r\u00e4umt man rote,&#8230;. So entsteht wiedermal unterbewusst f\u00fcrs Auge eine Streifenbildung und siehe da, schon schaut ein Endiviensalat wieder knackfrisch aus und die Obstabteilung gl\u00e4nzt im neuen Stil!<\/span><\/p>\n<p><span style=\"color: #000000;\"><strong>Belegplan<\/strong><\/span><br \/>\n<span style=\"color: #000000;\"> Ein Belegplan ist nichts anderes, als ein DIN A4 Blatt auf dem steht in welchem Fach auf welchem Regalmeter ein Artikel hingeh\u00f6rt. Bei uns Einzelh\u00e4ndler ist dieser Belegplan eine Empfehlung, bei den Filialen eine Pflicht. Er dient dazu das der Kunde sofort das findet wonach er sucht. Er dient aber auch als St\u00fctze zur ordentlichen Schlichtung in den Regalen. Beim Obst und Gem\u00fcse dient der Belegplan zur \u00dcbersicht, welche Produkte saisonell gerade mehr gefragt sind. Schlie\u00dflich kauft fast keiner im Hochsommer Mandarinen.<\/span><\/p>\n<p><span style=\"color: #000000;\"><strong>Schlichtung und Durchschlichtung<\/strong><\/span><br \/>\n<span style=\"color: #000000;\"> Zu einer ordentlichen Schlichtung geh\u00f6rt oftmals viel Kleinarbeit. Wenn der Kunde aus einem vollen Regal einen Artikel kauft, dann fehlt in diesem Regal vorne ein St\u00fcck. Kaufen mehr Kunden Artikel aus dem Regal, dann wird es mit der Zeit sehr un\u00fcbersichtlich und keiner findet mehr was. Um das Regal wieder voll aussehen zu lassen, r\u00e4umt man wieder alle Artikel nach vorne also eben zu schlichten. Da wie wir wissen jeder Artikel im Belegplan einen Platz hat, sollten auch die Richtigen Artikel hintereinander im Regal einger\u00e4umt sein. Also hinter dem Thunfisch Katzenfutter sollte keines mit Huhn stehen in der gleichen Reihe. Das oftmals verschiedene Artikel hintereinanderstehen passiert beim schlampigen Einr\u00e4umen. Wenn man die Artikel zur\u00fcckschiebt so lange bis voll ist und in der Reihe 5 Dosen Platz h\u00e4tten und man 6 hineingeschoben hat, dann steht die 6te sicher nichtmehr gerade hinter den anderen sondern irgendwo. Das passiert dann mit vielen Artikeln innerhalbt eines Faches und irgendwann ist dann so ein Chaos, dass sich keiner mehr auskennt. Einen kompletten Regalmeter in Folge dieses Fehlers komplett auszur\u00e4umen und neu einzur\u00e4umen ist sehr zeitaufwendig. Deshalb sollte man auch st\u00e4ndig dahinter sein, das die Durchschlichtung passt.<\/span><\/p>\n<p><span style=\"color: #000000;\"><strong>\u00dcberlager<\/strong><\/span><br \/>\n<span style=\"color: #000000;\"> Das oberste Regalfach dient als Lagerplatte f\u00fcr Einzelartikel, die in den unteren F\u00e4chern an ihrem Platz voll sind. Gr\u00f6\u00dfere Einheiten sind zumeist im Lager untergebracht. Also wenn Sie einen Artikel wollen, der ganz oben im Regal ist, dann lohnt sich meist ein Blick nach unten.<\/span><\/p>\n<p><span style=\"color: #000000;\"><strong>First in First Out<\/strong><\/span><br \/>\n<span style=\"color: #000000;\"> Schwer zu erraten das der Spruch aus dem Englischen kommt. Bedeutet auch \u00fcbersetzt nichts anderes als, der Artikel der zuerst reinkommt auch als erstes wieder rausgeht. Wenn ich in einem Regal st\u00e4ndig die alte Ware nach hinten reindr\u00fccke beim verr\u00e4umen, weils einfacher geht, dann habe ich hinten immer noch \u00e4ltere Ware, weil ich ja die frische Vorne wieder verkaufe. Um also Top Frische zu garantieren, muss das First in First Out Prinzip mehr als nur gelebt werden \ud83d\ude42<\/span><\/p>\n<p><span style=\"color: #000000;\"><strong>Out of Stock<\/strong><\/span><br \/>\n<span style=\"color: #000000;\"> Wieder englisch. Nur diesmal ist es noch schlechter. Wenn ein Artikel Out of Stock ist, dann fehlt er im Regal. Das kann entweder wegen falscher Bestellung sein oder weil der Artikel derzeit einfach nicht lieferbar ist. Beides sehr \u00e4rgerlich, vorallem f\u00fcr die Kunden. Je niedriger der Out of Stock Wert ist, desto besser.<\/span><\/p>\n<p><span style=\"color: #000000;\"><strong>HACCP<\/strong><\/span><br \/>\n<span style=\"color: #000000;\"> HACCP hei\u00dft: Hazard Analysis and Critical Control Points. Und was bedeutet es f\u00fcr uns als Kunden? HACCP gew\u00e4hrleistet vorbeugend die Sicherheit von Lebensmitteln f\u00fcr Verbraucher. Das f\u00e4ngt mit den Temperaturkontrollen an und h\u00f6rt erst mit der Sauberkeit wieder auf. Dieses System garantiert f\u00fcr Kunden ein H\u00f6chstma\u00df an Sicherheit beim Lebensmittelkauf, ist im Gesetz fest verankert und wird in allen Lebensmittelverarbeiteten und -verkaufenden umgesetzt. HACCP besitzt bei SPAR nat\u00fcrlich einen sehr hohen Stellenwert.<\/span><\/p>\n","protected":false},"excerpt":{"rendered":"<p>Einfach erkl\u00e4rt! Rund um die goldene Tanne schwirren auch einige im Handel \u00fcbliche Fachbegriffe. Damit Sie wissen von was die Rede ist hier unsere anl\u00e4\u00dflich unseren Goldenen Tanne erstellten Unterseite Handel f\u00fcr Einsteiger! \ud83d\ude09 SPAR Zweigniederlassungen Um viele tausende Kilometer<span class=\"ellipsis\">&hellip;<\/span><\/p>\n<div class=\"read-more\"><a href=\"http:\/\/www.sparmarkt-winkler.at\/wordpress\/?page_id=212\">Weiterlesen \u203a<\/a><\/div>\n<p><!-- end of .read-more --><\/p>\n","protected":false},"author":2,"featured_media":0,"parent":197,"menu_order":0,"comment_status":"closed","ping_status":"closed","template":"full-width-page.php","meta":[],"_links":{"self":[{"href":"http:\/\/www.sparmarkt-winkler.at\/wordpress\/index.php?rest_route=\/wp\/v2\/pages\/212"}],"collection":[{"href":"http:\/\/www.sparmarkt-winkler.at\/wordpress\/index.php?rest_route=\/wp\/v2\/pages"}],"about":[{"href":"http:\/\/www.sparmarkt-winkler.at\/wordpress\/index.php?rest_route=\/wp\/v2\/types\/page"}],"author":[{"embeddable":true,"href":"http:\/\/www.sparmarkt-winkler.at\/wordpress\/index.php?rest_route=\/wp\/v2\/users\/2"}],"replies":[{"embeddable":true,"href":"http:\/\/www.sparmarkt-winkler.at\/wordpress\/index.php?rest_route=%2Fwp%2Fv2%2Fcomments&post=212"}],"version-history":[{"count":5,"href":"http:\/\/www.sparmarkt-winkler.at\/wordpress\/index.php?rest_route=\/wp\/v2\/pages\/212\/revisions"}],"predecessor-version":[{"id":301,"href":"http:\/\/www.sparmarkt-winkler.at\/wordpress\/index.php?rest_route=\/wp\/v2\/pages\/212\/revisions\/301"}],"up":[{"embeddable":true,"href":"http:\/\/www.sparmarkt-winkler.at\/wordpress\/index.php?rest_route=\/wp\/v2\/pages\/197"}],"wp:attachment":[{"href":"http:\/\/www.sparmarkt-winkler.at\/wordpress\/index.php?rest_route=%2Fwp%2Fv2%2Fmedia&parent=212"}],"curies":[{"name":"wp","href":"https:\/\/api.w.org\/{rel}","templated":true}]}}