{"id":208,"date":"2012-11-07T14:38:45","date_gmt":"2012-11-07T12:38:45","guid":{"rendered":"http:\/\/www.sparmarkt-winkler.at\/wordpress\/?page_id=208"},"modified":"2017-02-01T22:43:30","modified_gmt":"2017-02-01T20:43:30","slug":"infos-zur-auszeichnung","status":"publish","type":"page","link":"http:\/\/www.sparmarkt-winkler.at\/wordpress\/?page_id=208","title":{"rendered":"Infos zur Auszeichnung"},"content":{"rendered":"<h1>D\u00fcrfen wir vorstellen? Die Goldene Tanne!<\/h1>\n<p>Die Goldene Tanne ist eine interne Auszeichnung der SPAR \u00d6sterreich f\u00fcr ihre selbstst\u00e4ndigen Kaufleute.<br \/>\nSie wird einmal j\u00e4hrlich in den 6 Zweigniederlassungen der SPAR vergeben. Um diese Auszeichnung zu erhalten ist die Leistung des gesamten Teams erforderlich, nur zusammen ist man stark, das gilt gerade im Handel als Grundvoraussetzung. Der Ausgezeichnete Markt und das Team darf sich im Auszeichnungsjahr als &#8222;bester SPAR Nahversorger des Landes&#8220; geehrt f\u00fchlen.<\/p>\n<p>Der Auszeichnung geht ein aufwendiger Wettbewerb vorraus, bei dem nach vielen Punkten gestestet wird:<br \/>\n<strong>Anonyme Tester<\/strong> beurteilen die einzelnen M\u00e4rkte nach strengen Kriterien, wie zum Beispiel: Auftritt der Au\u00dfenanlage, Gesamtpr\u00e4sentation des Marktes, aber auch die Mitarbeiterkompetenz.<br \/>\nAuch die <strong>Kundenzufriedenheit<\/strong> stellt nat\u00fcrlich eine gro\u00dfe Voraussetzung f\u00fcr die Auszeichnung dar. Gerade f\u00fcr einen Nahversorger ist es wichtig, das er in der Region fest verankert ist.<br \/>\nNat\u00fcrlich werden auch die <strong>Betriebszahlen<\/strong> bewertet.<\/p>\n<p>Wir der SPAR Markt Winkler Elbigenalp, wurden 2010 mit der Goldenen Tanne pr\u00e4miert und konnten vorallem mit einer perfekten Optik und mit besonders guten Leistungen beim Verkauf von Wurstwaren \u00fcberzeugen. In Empfang nehmen konnten wir die Auszeichnung im Rahmen der traditionellen SPAR Kaufleute Tagung Anfang Oktober in Irdning (Steiermark). Neben der Auszeichnung gibt es f\u00fcr die Gewinner der Goldenen Tannen auch eine Reise in den Hohen Norden. Im Juni 2011 geht es nach Finnland und Norwegen.<\/p>\n<p>Wir, die Kaufleute der SPAR betreiben rund die H\u00e4lfte aller SPAR Standorte in \u00d6sterreich. Den Rest betreibt die SPAR \u00fcber ihre Filialorganisation. In Tirol gibt es derzeit rund 90 selbstst\u00e4ndig gef\u00fchrte SPAR M\u00e4rkte.<\/p>\n<p><img class=\"aligncenter\" src=\"http:\/\/www.sparmarkt-winkler.at\/images\/gold_tanne.jpg\" alt=\"\" \/><\/p>\n","protected":false},"excerpt":{"rendered":"<p>D\u00fcrfen wir vorstellen? Die Goldene Tanne! Die Goldene Tanne ist eine interne Auszeichnung der SPAR \u00d6sterreich f\u00fcr ihre selbstst\u00e4ndigen Kaufleute. Sie wird einmal j\u00e4hrlich in den 6 Zweigniederlassungen der SPAR vergeben. Um diese Auszeichnung zu erhalten ist die Leistung des<span class=\"ellipsis\">&hellip;<\/span><\/p>\n<div class=\"read-more\"><a href=\"http:\/\/www.sparmarkt-winkler.at\/wordpress\/?page_id=208\">Weiterlesen \u203a<\/a><\/div>\n<p><!-- end of .read-more --><\/p>\n","protected":false},"author":2,"featured_media":0,"parent":197,"menu_order":0,"comment_status":"closed","ping_status":"closed","template":"full-width-page.php","meta":[],"_links":{"self":[{"href":"http:\/\/www.sparmarkt-winkler.at\/wordpress\/index.php?rest_route=\/wp\/v2\/pages\/208"}],"collection":[{"href":"http:\/\/www.sparmarkt-winkler.at\/wordpress\/index.php?rest_route=\/wp\/v2\/pages"}],"about":[{"href":"http:\/\/www.sparmarkt-winkler.at\/wordpress\/index.php?rest_route=\/wp\/v2\/types\/page"}],"author":[{"embeddable":true,"href":"http:\/\/www.sparmarkt-winkler.at\/wordpress\/index.php?rest_route=\/wp\/v2\/users\/2"}],"replies":[{"embeddable":true,"href":"http:\/\/www.sparmarkt-winkler.at\/wordpress\/index.php?rest_route=%2Fwp%2Fv2%2Fcomments&post=208"}],"version-history":[{"count":2,"href":"http:\/\/www.sparmarkt-winkler.at\/wordpress\/index.php?rest_route=\/wp\/v2\/pages\/208\/revisions"}],"predecessor-version":[{"id":211,"href":"http:\/\/www.sparmarkt-winkler.at\/wordpress\/index.php?rest_route=\/wp\/v2\/pages\/208\/revisions\/211"}],"up":[{"embeddable":true,"href":"http:\/\/www.sparmarkt-winkler.at\/wordpress\/index.php?rest_route=\/wp\/v2\/pages\/197"}],"wp:attachment":[{"href":"http:\/\/www.sparmarkt-winkler.at\/wordpress\/index.php?rest_route=%2Fwp%2Fv2%2Fmedia&parent=208"}],"curies":[{"name":"wp","href":"https:\/\/api.w.org\/{rel}","templated":true}]}}