{"id":197,"date":"2012-11-07T13:53:44","date_gmt":"2012-11-07T11:53:44","guid":{"rendered":"http:\/\/www.sparmarkt-winkler.at\/wordpress\/?page_id=197"},"modified":"2017-02-01T22:43:12","modified_gmt":"2017-02-01T20:43:12","slug":"goldene-tanne-2010","status":"publish","type":"page","link":"http:\/\/www.sparmarkt-winkler.at\/wordpress\/?page_id=197","title":{"rendered":"Goldene Tanne 2010"},"content":{"rendered":"<p><img class=\"aligncenter\" src=\"http:\/\/www.sparmarkt-winkler.at\/images\/gold_head.jpg\" alt=\"\" \/><\/p>\n<p><center><em>Wir haben die Goldene Tanne 2010 der SPAR Zentrale W\u00f6rgl gewonnen. <strong>Wir freuen uns dar\u00fcber sehr!<\/strong><br \/>\nNur was ist die Goldene Tanne? Auf diesen Seiten k\u00f6nnen Sie sich informieren!<\/em><\/center><center><\/center><center><\/center><center><img src=\"http:\/\/www.sparmarkt-winkler.at\/images\/gold_pic4.jpg\" alt=\"\" \/><\/center><center><\/center><center><\/center><\/p>\n","protected":false},"excerpt":{"rendered":"<p>Wir haben die Goldene Tanne 2010 der SPAR Zentrale W\u00f6rgl gewonnen. Wir freuen uns dar\u00fcber sehr! Nur was ist die Goldene Tanne? Auf diesen Seiten k\u00f6nnen Sie sich informieren!<\/p>\n","protected":false},"author":2,"featured_media":0,"parent":140,"menu_order":4,"comment_status":"closed","ping_status":"closed","template":"full-width-page.php","meta":[],"_links":{"self":[{"href":"http:\/\/www.sparmarkt-winkler.at\/wordpress\/index.php?rest_route=\/wp\/v2\/pages\/197"}],"collection":[{"href":"http:\/\/www.sparmarkt-winkler.at\/wordpress\/index.php?rest_route=\/wp\/v2\/pages"}],"about":[{"href":"http:\/\/www.sparmarkt-winkler.at\/wordpress\/index.php?rest_route=\/wp\/v2\/types\/page"}],"author":[{"embeddable":true,"href":"http:\/\/www.sparmarkt-winkler.at\/wordpress\/index.php?rest_route=\/wp\/v2\/users\/2"}],"replies":[{"embeddable":true,"href":"http:\/\/www.sparmarkt-winkler.at\/wordpress\/index.php?rest_route=%2Fwp%2Fv2%2Fcomments&post=197"}],"version-history":[{"count":10,"href":"http:\/\/www.sparmarkt-winkler.at\/wordpress\/index.php?rest_route=\/wp\/v2\/pages\/197\/revisions"}],"predecessor-version":[{"id":300,"href":"http:\/\/www.sparmarkt-winkler.at\/wordpress\/index.php?rest_route=\/wp\/v2\/pages\/197\/revisions\/300"}],"up":[{"embeddable":true,"href":"http:\/\/www.sparmarkt-winkler.at\/wordpress\/index.php?rest_route=\/wp\/v2\/pages\/140"}],"wp:attachment":[{"href":"http:\/\/www.sparmarkt-winkler.at\/wordpress\/index.php?rest_route=%2Fwp%2Fv2%2Fmedia&parent=197"}],"curies":[{"name":"wp","href":"https:\/\/api.w.org\/{rel}","templated":true}]}}