{"id":188,"date":"2012-11-05T23:53:51","date_gmt":"2012-11-05T21:53:51","guid":{"rendered":"http:\/\/www.sparmarkt-winkler.at\/wordpress\/?page_id=188"},"modified":"2017-02-01T22:43:08","modified_gmt":"2017-02-01T20:43:08","slug":"die-mitarbeiter","status":"publish","type":"page","link":"http:\/\/www.sparmarkt-winkler.at\/wordpress\/?page_id=188","title":{"rendered":"Die Mitarbeiter"},"content":{"rendered":"<p><img class=\"aligncenter\" src=\"http:\/\/www.sparmarkt-winkler.at\/images\/team.jpg\" alt=\"\" \/><\/p>\n<h1>Marktleitung<\/h1>\n<p><img src=\"http:\/\/www.sparmarkt-winkler.at\/images\/ma_ml.jpg\" alt=\"\" \/><\/p>\n<p><span style=\"color: #000000; font-family: Verdana; font-size: small;\"><span style=\"color: #cc0000; font-family: Verdana;\"><span style=\"color: #000000; font-family: Verdana; font-size: small;\"><strong>Marktleiter seit Mai 2004, bei SPAR seit 1994, im Lebensmitteleinzelhandel seit 1988.<\/strong><br \/>\n<em>Thomas Winkler ist der Chef im Haus. Er zahlt unsere L\u00f6hne und muss sehen dass der Betrieb am Laufen bleibt. Thomas arbeitete seit 1994 als Marktleiter Stv. Im SPAR Markt LECHPARK und \u00fcbernahm den neuen Markt 2004 als selbstst\u00e4ndiger Kaufmann. Er ist aber nicht nur der Chef sondern arbeitet aktiv im Markt mit. Er t\u00e4tigt verschiedene Bestellungen erledigt B\u00fcroarbeiten, ist an der Kassa und betreibt den Direkt to Home Lieferservice f\u00fcr unsere Kunden.<\/em><\/span><\/span><\/span><\/p>\n<p><span style=\"color: #000000; font-family: Verdana; font-size: small;\"><span style=\"color: #cc0000; font-family: Verdana;\"><span style=\"color: #000000; font-family: Verdana; font-size: small;\"><img src=\"http:\/\/www.sparmarkt-winkler.at\/images\/ma_al_gt.jpg\" alt=\"\" \/><span style=\"color: #000000; font-family: Verdana; font-size: small;\">\u00a0\u00a0<strong><br \/>\nMarktleiter Stellvertreterin seit Juni 2012, bei SPAR seit 2004.<\/strong><em><br \/>\n<em>Christoph, den seine Freunde auch Jolly nennen, ist seit der Neuer\u00f6ffnung 2004 des SPAR Marktes Winkler Mitglied unseres Teams. Er hat die Handelsschule absolviert und war haupts\u00e4chlich als Kassier und in der Getr\u00e4nkeabteilung bei uns t\u00e4tig. Seit kurzem ist er stellvertretender Marktleiter. Privat engagiert er sich mit voller Leidenschaft beim \u00d6sterr. Roten Kreuz. <\/em><\/em><\/span><\/span><\/span><\/span><\/p>\n<h1><\/h1>\n<h1>Feinkost<\/h1>\n<p><span style=\"color: #000000; font-family: Verdana; font-size: small;\"><span style=\"color: #cc0000; font-family: Verdana;\"><span style=\"color: #000000; font-family: Verdana; font-size: small;\"><span style=\"color: #000000; font-family: Verdana; font-size: small;\"><em><span style=\"color: #838383; font-family: Verdana; font-size: large;\"><span style=\"font-size: small;\"><span style=\"color: #cc0000; font-family: Verdana;\"><span style=\"color: #000000; font-family: Verdana; font-size: small;\"><span style=\"color: #cc0000; font-family: Verdana; font-size: medium;\"><img src=\"http:\/\/www.sparmarkt-winkler.at\/images\/ma_fk_al.jpg\" alt=\"\" \/><span style=\"color: #000000; font-family: Verdana; font-size: small;\"><br \/>\n<strong>Feinkost Abteilungsleiterin seit 2004, im Lebensmitteleinzelhandel seit 1981.<\/strong><br \/>\n<em>Gerda Kappeller ist die gute Seele des Hauses. Sie war bereits lange vor der Er\u00f6ffnung unseres Marktes, (seit 1981) f\u00fcr Herbert Baldauf in den verschiedensten Bereichen eines Lebensmittelgesch\u00e4ftes t\u00e4tig. Sie leitet unsere Feinkostabteilung und k\u00fcmmert sich um die Bestellung von Wurst, K\u00e4se und Frischdienst SB Bereich. Wenn sie einen sch\u00f6nen Geschenkkorb f\u00fcr einen bestimmten Anlass brauchen, wenden sie sich vertrauensvoll an unsere Gerda, sie erstellt f\u00fcr Sie geschmackvoll, passende Warenk\u00f6rbe. <\/em><\/span><\/span><\/span><\/span><\/span><\/span><\/em><\/span><\/span><\/span><\/span><\/p>\n<p><span style=\"color: #cc0000; font-family: Verdana; font-size: medium;\"><img src=\"http:\/\/www.sparmarkt-winkler.at\/images\/ma_fk_bw.jpg\" alt=\"\" \/><span style=\"color: #000000; font-family: Verdana; font-size: small;\"><br \/>\n<strong>Abteilungsleiterin Brot seit 2009<\/strong><br \/>\n<em>Neben unserer hauseigenen Frische Backstation verkaufen wir Brot und Geb\u00e4ck von 3 heimischen B\u00e4ckern. Rebekka Mages ist 2009 zu unserem Team gesto\u00dfen und leitet unsere Brotabteilung. Sie t\u00e4tigt selbstst\u00e4ndig die Bestellungen und betreut auch das Tiefk\u00fchlsortiment.<\/em><\/span><\/span><\/p>\n<p><img src=\"http:\/\/www.sparmarkt-winkler.at\/images\/ma_fk_01.jpg\" alt=\"\" \/><span style=\"color: #000000; font-family: Verdana; font-size: small;\"><br \/>\n<strong>Feinkost Mitarbeiterin seit 2004<\/strong><br \/>\n<em>Claudia Holzmann ist seit 2004 bei uns besch\u00e4ftigt. Sie betreut unsere hauseigene Backstation, und bedient Sie in allen Frischeabteilungen vom Fleisch, \u00fcber Wurst bis zum K\u00e4se. <\/em><\/span><\/p>\n<p><img src=\"http:\/\/www.sparmarkt-winkler.at\/images\/ma_fk_02.jpg\" alt=\"\" \/><span style=\"color: #000000; font-family: Verdana; font-size: small;\"><br \/>\n<strong>Feinkost Mitarbeiterin seit 2006<\/strong><br \/>\n<em>Karin Sprenger arbeitet seit 2006 in unserer Feinkostabteilung. Sie hat ihr Handwerk bei unserem Vorg\u00e4nger Herbert Baldauf erlernt und ist, nach einer kurzer T\u00e4tigkeit bei Baguette, jetzt wieder in ihren erlernten Beruf zur\u00fcckgekehrt. Sie betreut unsere Kunden sehr kompetent in allen Bedienungsabteilungen.<\/em><\/span><\/p>\n<p><img src=\"http:\/\/www.sparmarkt-winkler.at\/images\/ma_fk_03.jpg\" alt=\"\" \/><span style=\"color: #000000; font-family: Verdana; font-size: small;\"><br \/>\n<strong>Feinkost Mitarbeiterin seit 1998<\/strong><br \/>\n<em>Kornelia Drexel ist seit 1998 in der Feinkostabteilung t\u00e4tig. Sie ist ihre Fachverk\u00e4uferin f\u00fcr alle Spezialit\u00e4ten unserer Frischeabteilung. Ob Wurst, K\u00e4se oder Brot, Konny ber\u00e4t sie jederzeit gerne. Sie zaubert auch sehr sch\u00f6ne Warenk\u00f6rbe f\u00fcr jeden Anlass. <\/em><\/span><\/p>\n<h1>Obst &amp; Gem\u00fcse<\/h1>\n<p><span style=\"color: #000000; font-family: Verdana; font-size: small;\"><span style=\"color: #cc0000; font-family: Verdana;\"><span style=\"color: #000000; font-family: Verdana; font-size: small;\"><span style=\"color: #000000; font-family: Verdana; font-size: small;\"><em><span style=\"color: #838383; font-family: Verdana; font-size: large;\"><span style=\"font-size: small;\"><span style=\"color: #cc0000; font-family: Verdana;\"><span style=\"color: #000000; font-family: Verdana; font-size: small;\"><span style=\"color: #cc0000; font-family: Verdana; font-size: medium;\"><span style=\"color: #000000; font-family: Verdana; font-size: small;\"><span style=\"color: #cc0000; font-family: Verdana; font-size: medium;\"><span style=\"color: #000000; font-family: Verdana; font-size: small;\"><span style=\"color: #000000; font-family: Verdana; font-size: small;\"><span style=\"color: #000000; font-family: Verdana; font-size: small;\"><span style=\"color: #000000; font-family: Verdana; font-size: small;\"><span style=\"color: #838383; font-family: Verdana; font-size: large;\"><span style=\"color: #838383; font-family: Verdana; font-size: large;\"><span style=\"font-size: small;\"><span style=\"color: #cc0000; font-family: Verdana;\"><span style=\"color: #000000; font-family: Verdana; font-size: small;\"><img src=\"http:\/\/www.sparmarkt-winkler.at\/images\/ma_al_og.jpg\" alt=\"\" \/><span style=\"color: #000000; font-family: Verdana; font-size: small;\"><br \/>\n<strong>Bei SPAR seit 1993<\/strong><br \/>\n<em>Obst und Gem\u00fcse wird im SPAR Markt Winkler t\u00e4glich frisch angeliefert. AL Rosa Wei\u00dfenbach hat bei uns den \u201egr\u00fcnen Daumen\u201c und k\u00fcmmert sich jeden Morgen um die frische Ware. Sie sorgt daf\u00fcr, dass die Abteilung zu einer Frische-Oase voller gesunder Vitamine wird. Rosi ist seit 1993 bei SPAR t\u00e4tig und ist die Expertin f\u00fcr Obst und Gem\u00fcse. Zu ihren Aufgaben geh\u00f6rt nat\u00fcrlich auch die selbstst\u00e4ndige Bestellung. Wenn sie also einmal einen besonderen Wunsch haben, melden sie sich bis sp\u00e4testens 10 Uhr am Vormittag und die Ware ist im Normalfall am n\u00e4chsten Morgen zur Abholung bereit.<\/em><\/span><\/span><\/span><\/span><\/span><\/span><\/span><\/span><\/span><\/span><\/span><\/span><\/span><\/span><\/span><\/span><\/span><\/em><\/span><\/span><\/span><\/span><\/p>\n<p><img src=\"http:\/\/www.sparmarkt-winkler.at\/images\/ma_og_01.jpg\" alt=\"\" \/><span style=\"color: #000000; font-family: Verdana; font-size: small;\"><br \/>\n<strong>Bei SPAR seit 1997<\/strong><br \/>\n<em>F\u00fcr die Frische am Nachmittag ist Kornelia Kerber zust\u00e4ndig. Flink wie ein Wirbelwind ist unsere Konny und bringt die Obstabteilung ab 15 Uhr auf den neuesten Stand. Sie k\u00fcmmert sich auch um die Regalbetreuung und die Molkereiprodukte. Sie ist seit 1997 Teil unseres Teams. Wenn die Raumpflegerin Urlaub hat, sieht man die Konny auch mal mit dem Besen durch das Gesch\u00e4ft wirbeln.<\/em><\/span><\/p>\n<h1>Kassa<\/h1>\n<p><span style=\"color: #000000; font-family: Verdana; font-size: small;\"><span style=\"color: #cc0000; font-family: Verdana;\"><span style=\"color: #000000; font-family: Verdana; font-size: small;\"><span style=\"color: #000000; font-family: Verdana; font-size: small;\"><em><span style=\"color: #838383; font-family: Verdana; font-size: large;\"><span style=\"font-size: small;\"><span style=\"color: #cc0000; font-family: Verdana;\"><span style=\"color: #000000; font-family: Verdana; font-size: small;\"><span style=\"color: #cc0000; font-family: Verdana; font-size: medium;\"><span style=\"color: #000000; font-family: Verdana; font-size: small;\"><span style=\"color: #cc0000; font-family: Verdana; font-size: medium;\"><span style=\"color: #000000; font-family: Verdana; font-size: small;\"><span style=\"color: #000000; font-family: Verdana; font-size: small;\"><span style=\"color: #000000; font-family: Verdana; font-size: small;\"><span style=\"color: #000000; font-family: Verdana; font-size: small;\"><span style=\"color: #838383; font-family: Verdana; font-size: large;\"><span style=\"color: #838383; font-family: Verdana; font-size: large;\"><span style=\"font-size: small;\"><span style=\"color: #cc0000; font-family: Verdana;\"><span style=\"color: #000000; font-family: Verdana; font-size: small;\"><span style=\"color: #000000; font-family: Verdana; font-size: small;\"><span style=\"color: #000000; font-family: Verdana; font-size: small;\"><span style=\"color: #838383; font-family: Verdana; font-size: large;\"><span style=\"color: #838383; font-family: Verdana; font-size: large;\"><span style=\"font-size: small;\"><span style=\"color: #cc0000; font-family: Verdana;\"><span style=\"color: #000000; font-family: Verdana; font-size: small;\"><img src=\"http:\/\/www.sparmarkt-winkler.at\/images\/ma_al_hk_02.jpg\" alt=\"\" \/><span style=\"color: #000000; font-family: Verdana; font-size: small;\"><br \/>\n<strong>Bei SPAR seit 2010<\/strong><br \/>\n<em>Sabine ist seit November 2010 Mitglied unseres Teams, und f\u00fcr die Hauptkassa verantwortlich.<br \/>\nNebenbei betreut sie auch die Regale Rund um den Kassenbereich.<\/em><\/span><\/span><\/span><\/span><\/span><\/span><\/span><\/span><\/span><\/span><\/span><\/span><\/span><\/span><\/span><\/span><\/span><\/span><\/span><\/span><\/span><\/span><\/span><\/span><\/em><\/span><\/span><\/span><\/span><\/p>\n<p><img src=\"http:\/\/www.sparmarkt-winkler.at\/images\/ma_ka_01.jpg\" alt=\"\" \/><span style=\"color: #000000; font-family: Verdana; font-size: small;\"><br \/>\n<strong>Bei SPAR seit 2001<\/strong><br \/>\n<em>Petra Wolf hat ihren Beruf in einem kleinen Lebensmittelgesch\u00e4ft in Bach erlernt und arbeitet seit 2001 sehr aktiv in unserem Team. Von der Regalbetreuung \u00fcber die Kassa bis hin zu Arbeiten in der Marktleitung kann unsere Allrounderin wirklich alles. Ein Steckenpferd unserer Petra ist die Obst und Gem\u00fcseabteilung, die sie als Vertretung mit viel Elan sehr liebevoll betreut. <\/em><\/span><\/p>\n<p><img src=\"http:\/\/www.sparmarkt-winkler.at\/images\/ma_ka_02.jpg\" alt=\"\" \/><span style=\"color: #000000; font-family: Verdana; font-size: small;\"><br \/>\n<strong>Bei SPAR seit 2005.<\/strong><br \/>\n<em>Silvia Pitschnau ist gelernte K\u00f6chin und hat ihren Traumberuf nun im Lebensmittelhandel gefunden. Sie betreut die Regale im Trockensortiment, aber auch Obst und Gem\u00fcse und die Regale im SB Frischebereich werden von ihr betreut. Silvia ist auch oft an der Kassa im Einsatz.<\/em><\/span><\/p>\n<p><img src=\"http:\/\/www.sparmarkt-winkler.at\/images\/ma_ll_02.jpg\" alt=\"\" \/><span style=\"color: #000000; font-family: Verdana; font-size: small;\"><br \/>\n<strong>Bei uns im Betrieb seit August 2007<\/strong><br \/>\n<em>Michelle Wolf war seit 2007 unser 1. Lehrling im Team. In ihren 3 Lehrjahren hat sie alle Abteilungen unseres Betriebes durchlaufen. Sie wurde bei Obst und Gem\u00fcse, Mopro, Feinkost, Fleisch und Kassa\/B\u00fcro eingesetzt. Derzeit ist sie in der Brot und Feinkostabteilung und fallweise auch an der Kassa im Einsatz und hat Ihre Lehrabschlu\u00dfpr\u00fcfung am 10.08.2010 bestanden wof\u00fcr wir auch an dieser Stelle nochmals gratulieren!<\/em><\/span><\/p>\n<h1>Unsere kleinsten<\/h1>\n<p><span style=\"color: #000000; font-family: Verdana; font-size: small;\"><span style=\"color: #cc0000; font-family: Verdana;\"><span style=\"color: #000000; font-family: Verdana; font-size: small;\"><span style=\"color: #000000; font-family: Verdana; font-size: small;\"><span style=\"font-size: small;\"><span style=\"color: #cc0000; font-family: Verdana;\"><span style=\"color: #cc0000; font-family: Verdana; font-size: medium;\"><span style=\"color: #cc0000; font-family: Verdana; font-size: medium;\"><span style=\"color: #838383; font-family: Verdana; font-size: large;\"><span style=\"font-size: small;\"><span style=\"color: #cc0000; font-family: Verdana;\"><span style=\"color: #000000; font-family: Verdana; font-size: small;\"><span style=\"color: #838383; font-family: Verdana; font-size: large;\"><span style=\"color: #838383; font-family: Verdana; font-size: large;\"><span style=\"font-size: small;\"><span style=\"color: #cc0000; font-family: Verdana;\"><span style=\"color: #000000; font-family: Verdana; font-size: small;\"><span style=\"color: #000000; font-family: Verdana; font-size: small;\"><span style=\"color: #000000; font-family: Verdana; font-size: small;\"><span style=\"color: #000000; font-family: Verdana; font-size: small;\"><span style=\"color: #000000; font-family: Verdana; font-size: small;\"><span style=\"color: #838383; font-family: Verdana; font-size: large;\"><span style=\"font-size: small;\"><span style=\"color: #cc0000; font-family: Verdana;\"><span style=\"color: #000000; font-family: Verdana; font-size: small;\"><span style=\"color: #000000; font-family: Verdana; font-size: small;\"><strong><\/strong><em><span style=\"color: #000000; font-family: Verdana; font-size: small;\"><span style=\"color: #cc0000; font-family: Verdana;\"><span style=\"color: #000000; font-family: Verdana; font-size: small;\"><span style=\"color: #000000; font-family: Verdana; font-size: small;\"><span style=\"font-size: small;\"><span style=\"color: #cc0000; font-family: Verdana;\"><span style=\"color: #cc0000; font-family: Verdana; font-size: medium;\"><span style=\"color: #cc0000; font-family: Verdana; font-size: medium;\"><span style=\"color: #838383; font-family: Verdana; font-size: large;\"><span style=\"font-size: small;\"><span style=\"color: #cc0000; font-family: Verdana;\"><span style=\"color: #000000; font-family: Verdana; font-size: small;\"><span style=\"color: #838383; font-family: Verdana; font-size: large;\"><span style=\"color: #838383; font-family: Verdana; font-size: large;\"><span style=\"font-size: small;\"><span style=\"color: #cc0000; font-family: Verdana;\"><span style=\"color: #000000; font-family: Verdana; font-size: small;\"><span style=\"color: #000000; font-family: Verdana; font-size: small;\"><span style=\"color: #000000; font-family: Verdana; font-size: small;\"><span style=\"color: #000000; font-family: Verdana; font-size: small;\"><span style=\"color: #000000; font-family: Verdana; font-size: small;\"><span style=\"color: #838383; font-family: Verdana; font-size: large;\"><span style=\"font-size: small;\"><span style=\"color: #cc0000; font-family: Verdana;\"><span style=\"color: #000000; font-family: Verdana; font-size: small;\"><img src=\"http:\/\/www.sparmarkt-winkler.at\/images\/ma_ll_01.jpg\" alt=\"\" \/><span style=\"color: #000000; font-family: Verdana; font-size: small;\"><br \/>\n<strong>Lehrling in Ausbildung seit August 2009<\/strong><br \/>\n<em>Michael Kerber ist unser j\u00fcngster Mitarbeiter und im August 2009 als 2. Lehrling in unser Verkaufsteam gekommen. Er wird in k\u00fcrze die Lehrabschlu\u00dfpr\u00fcfung absolvieren. <\/em><\/span><\/span><\/span><\/span><\/span><\/span><\/span><\/span><\/span><\/span><\/span><\/span><\/span><\/span><\/span><\/span><\/span><\/span><\/span><\/span><\/span><\/span><\/span><\/span><\/span><\/span><\/em><\/span><\/span><\/span><\/span><\/span><\/span><\/span><\/span><\/span><\/span><\/span><\/span><\/span><\/span><\/span><\/span><\/span><\/span><\/span><\/span><\/span><\/span><\/span><\/span><\/span><\/span><\/p>\n<h1><\/h1>\n<h1>Webmaster<\/h1>\n<p><span style=\"color: #000000; font-family: Verdana; font-size: small;\"><span style=\"color: #cc0000; font-family: Verdana;\"><span style=\"color: #000000; font-family: Verdana; font-size: small;\"><span style=\"color: #000000; font-family: Verdana; font-size: small;\"><span style=\"font-size: small;\"><span style=\"color: #cc0000; font-family: Verdana;\"><span style=\"color: #cc0000; font-family: Verdana; font-size: medium;\"><span style=\"color: #cc0000; font-family: Verdana; font-size: medium;\"><span style=\"color: #838383; font-family: Verdana; font-size: large;\"><span style=\"font-size: small;\"><span style=\"color: #cc0000; font-family: Verdana;\"><span style=\"color: #000000; font-family: Verdana; font-size: small;\"><span style=\"color: #838383; font-family: Verdana; font-size: large;\"><span style=\"color: #838383; font-family: Verdana; font-size: large;\"><span style=\"font-size: small;\"><span style=\"color: #cc0000; font-family: Verdana;\"><span style=\"color: #000000; font-family: Verdana; font-size: small;\"><span style=\"color: #000000; font-family: Verdana; font-size: small;\"><span style=\"color: #000000; font-family: Verdana; font-size: small;\"><span style=\"color: #000000; font-family: Verdana; font-size: small;\"><span style=\"color: #000000; font-family: Verdana; font-size: small;\"><span style=\"color: #838383; font-family: Verdana; font-size: large;\"><span style=\"font-size: small;\"><span style=\"color: #cc0000; font-family: Verdana;\"><span style=\"color: #000000; font-family: Verdana; font-size: small;\"><span style=\"color: #000000; font-family: Verdana; font-size: small;\"><span style=\"color: #cc0000; font-family: Verdana;\"><span style=\"color: #000000; font-family: Verdana; font-size: small;\"><img src=\"http:\/\/www.sparmarkt-winkler.at\/images\/webdisaster.jpg\" alt=\"\" \/><span style=\"color: #000000; font-family: Verdana; font-size: small;\"><br \/>\n<strong>Webmaster seit Mai 2010, Bei SPAR seit September 2005<\/strong><br \/>\n<em>Walter arbeitet seit fast f\u00fcnf Jahren bei SPAR im Markt Innsbruck, Radetzkystra\u00dfe, Reichenau. Er hat dort seine Lehre am 08.08.08 um 08 Uhr mit Auszeichnung absolviert. Und ist derzeit dort haupts\u00e4chlich mit &#8222;seiner&#8220; Getr\u00e4nkeabteilung besch\u00e4ftigt und auch an der Kassa eingesetzt. Er befindet sich auch im &#8222;F\u00fchrungskr\u00e4ftenachwuchspool&#8220;.<\/em><\/span><\/span><\/span><\/span><\/span><\/span><\/span><\/span><\/span><\/span><\/span><\/span><\/span><\/span><\/span><\/span><\/span><\/span><\/span><\/span><\/span><\/span><\/span><\/span><\/span><\/span><\/span><\/span><\/span><\/p>\n<h1><span style=\"color: #000000; font-family: Verdana; font-size: small;\"><span style=\"color: #cc0000; font-family: Verdana;\"><span style=\"color: #000000; font-family: Verdana; font-size: small;\"><span style=\"color: #000000; font-family: Verdana; font-size: small;\"><span style=\"font-size: small;\"><span style=\"color: #cc0000; font-family: Verdana;\"><span style=\"color: #cc0000; font-family: Verdana; font-size: medium;\"><span style=\"color: #cc0000; font-family: Verdana; font-size: medium;\"><span style=\"color: #838383; font-family: Verdana; font-size: large;\"><span style=\"font-size: small;\"><span style=\"color: #cc0000; font-family: Verdana;\"><span style=\"color: #000000; font-family: Verdana; font-size: small;\"><span style=\"color: #838383; font-family: Verdana; font-size: large;\"><span style=\"color: #838383; font-family: Verdana; font-size: large;\"><span style=\"font-size: small;\"><span style=\"color: #cc0000; font-family: Verdana;\"><span style=\"color: #000000; font-family: Verdana; font-size: small;\"><span style=\"color: #000000; font-family: Verdana; font-size: small;\"><span style=\"color: #000000; font-family: Verdana; font-size: small;\"><span style=\"color: #000000; font-family: Verdana; font-size: small;\"><span style=\"color: #000000; font-family: Verdana; font-size: small;\"><span style=\"color: #838383; font-family: Verdana; font-size: large;\"><span style=\"font-size: small;\"><span style=\"color: #cc0000; font-family: Verdana;\"><span style=\"color: #000000; font-family: Verdana; font-size: small;\"><span style=\"color: #000000; font-family: Verdana; font-size: small;\"><span style=\"color: #cc0000; font-family: Verdana;\"><span style=\"color: #000000; font-family: Verdana; font-size: small;\"><span style=\"color: #000000; font-family: Verdana; font-size: small;\"><span style=\"color: #000000; font-family: Verdana; font-size: small;\">Lassen Sie sich von unserem kompetenten und geschulten Verkaufsteam beraten.<br \/>\n<strong>Wir sind gerne f\u00fcr Sie da.<\/strong><\/span><\/span><\/span><\/span><\/span><\/span><\/span><\/span><\/span><\/span><\/span><\/span><\/span><\/span><\/span><\/span><\/span><\/span><\/span><\/span><\/span><\/span><\/span><\/span><\/span><\/span><\/span><\/span><\/span><\/span><\/h1>\n<p><strong>&#8222;De Spar\u201c<\/strong> Durch eintr\u00e4chtige Zusammenarbeit, profitieren alle Regelm\u00e4\u00dfig<\/p>\n<p><em>(Adrian van Well, Gr\u00fcnder der freiwilligen Handelskette SPAR)<\/em><\/p>\n","protected":false},"excerpt":{"rendered":"<p>Marktleitung Marktleiter seit Mai 2004, bei SPAR seit 1994, im Lebensmitteleinzelhandel seit 1988. Thomas Winkler ist der Chef im Haus. Er zahlt unsere L\u00f6hne und muss sehen dass der Betrieb am Laufen bleibt. Thomas arbeitete seit 1994 als Marktleiter Stv.<span class=\"ellipsis\">&hellip;<\/span><\/p>\n<div class=\"read-more\"><a href=\"http:\/\/www.sparmarkt-winkler.at\/wordpress\/?page_id=188\">Weiterlesen \u203a<\/a><\/div>\n<p><!-- end of .read-more --><\/p>\n","protected":false},"author":2,"featured_media":0,"parent":140,"menu_order":3,"comment_status":"closed","ping_status":"closed","template":"full-width-page.php","meta":[],"_links":{"self":[{"href":"http:\/\/www.sparmarkt-winkler.at\/wordpress\/index.php?rest_route=\/wp\/v2\/pages\/188"}],"collection":[{"href":"http:\/\/www.sparmarkt-winkler.at\/wordpress\/index.php?rest_route=\/wp\/v2\/pages"}],"about":[{"href":"http:\/\/www.sparmarkt-winkler.at\/wordpress\/index.php?rest_route=\/wp\/v2\/types\/page"}],"author":[{"embeddable":true,"href":"http:\/\/www.sparmarkt-winkler.at\/wordpress\/index.php?rest_route=\/wp\/v2\/users\/2"}],"replies":[{"embeddable":true,"href":"http:\/\/www.sparmarkt-winkler.at\/wordpress\/index.php?rest_route=%2Fwp%2Fv2%2Fcomments&post=188"}],"version-history":[{"count":8,"href":"http:\/\/www.sparmarkt-winkler.at\/wordpress\/index.php?rest_route=\/wp\/v2\/pages\/188\/revisions"}],"predecessor-version":[{"id":299,"href":"http:\/\/www.sparmarkt-winkler.at\/wordpress\/index.php?rest_route=\/wp\/v2\/pages\/188\/revisions\/299"}],"up":[{"embeddable":true,"href":"http:\/\/www.sparmarkt-winkler.at\/wordpress\/index.php?rest_route=\/wp\/v2\/pages\/140"}],"wp:attachment":[{"href":"http:\/\/www.sparmarkt-winkler.at\/wordpress\/index.php?rest_route=%2Fwp%2Fv2%2Fmedia&parent=188"}],"curies":[{"name":"wp","href":"https:\/\/api.w.org\/{rel}","templated":true}]}}