{"id":159,"date":"2012-11-01T23:06:11","date_gmt":"2012-11-01T21:06:11","guid":{"rendered":"http:\/\/www.sparmarkt-winkler.at\/wordpress\/?page_id=159"},"modified":"2017-02-01T22:42:59","modified_gmt":"2017-02-01T20:42:59","slug":"unser-markt","status":"publish","type":"page","link":"http:\/\/www.sparmarkt-winkler.at\/wordpress\/?page_id=159","title":{"rendered":"Unser Markt"},"content":{"rendered":"<h1><\/h1>\n<h1>Die Elbigenalper SPAR-Markt Geschichte<\/h1>\n<p>Die Familie Saurer er\u00f6ffnete in fr\u00fchen Jahren auf dem Grundst\u00fcck des heutigen Marktes das erste Mal ein Gesch\u00e4ft. Sp\u00e4ter wurde dieses durch Kaufmann Peter Friedle \u00fcbernommen, der das damals noch sehr kleine Gesch\u00e4ft bis in die 1990iger Jahre, erstmals unter SPAR f\u00fchrte. Im Jahr 1991 erwarb Herr Herbert Baldauf das gesamte Grundst\u00fcck der Familie Saurer und erbaute dort bis zum Jahr 1993 das Einkaufszentrum Lechpark. Zuvor er\u00f6ffnete er den SPAR Markt am 4.Juni 1991 neu. Kurz erw\u00e4hnt: Als Er\u00f6ffnungsgeschenk erhielt jede Hausfrau eine Rose. Am 4.November 1993 wurde dann das neue Gesch\u00e4ft im Lechpark er\u00f6ffnet, mit damals ziemlich fortschrittlicher Technik und Ausstattung wie z.B. einen Backofen f\u00fcr stets frisches Brot und Geb\u00e4ck. Im Jahr 2004 wurde dann erneut umgebaut, vergr\u00f6\u00dfert und modernisiert. Im gleichen Atemzug erhielt das Gesch\u00e4ft abermals einen neuen Kaufmann.<br \/>\nDie \u00dcbernahme durch Herrn Thomas Winkler erfolgte am 19.Mai 2004. Zuvor erfolgte ein gro\u00dfer Umbau mit Modernisierung im Mai 2004 in nur drei Wochen. Dabei wurde der Markt auf rund 600m\u00b2 Verkaufsfl\u00e4che vergr\u00f6\u00dfert und dem Stand der Technik angeglichen.<\/p>\n<p><img class=\"aligncenter\" src=\"http:\/\/www.sparmarkt-winkler.at\/images\/markt_historie_1.jpg\" alt=\"\" border=\"2\" \/><\/p>\n<p style=\"text-align: center;\">Der SPAR Markt im Jahr 1991 (c) SPAR AG<\/p>\n<h1 style=\"text-align: left;\">Der Markt heute<\/h1>\n<p>Heute hat unser Markt aktuell 17 Mitarbeiter, Mehr als 900 Meter Verkaufsf\u00e4cher im &#8222;Trockensortiments&#8220; Bereich, im Frischebereich sind es mehr als 75 Meter und die Tiefk\u00fchlung umfasst 50 Meter Verkaufsf\u00e4cher das ganze und noch mehr auf 600 m\u00b2 Verkaufsfl\u00e4che mit ca 8.000 Artikel des t\u00e4glichen Bedarfs. Er stellt somit eben einen klassischen Nahversorger auf dem Land dar. Und das w\u00f6chentlich 65,5 Stunden lang. In den Jahren 2011\/2012 wurde unser Markt abermals auf den aktuellen Stand der Technik gebracht, unter anderem mit einer komplett erneuerten Feinkostabteilung, einer neuen Frischdienstk\u00fchlung und modernsten Touchscreenkassen.<\/p>\n<p><center><img src=\"http:\/\/www.sparmarkt-winkler.at\/images\/markt_heute.jpg\" alt=\"\" border=\"2\" \/><\/center>&nbsp;<\/p>\n<p><center><img src=\"http:\/\/www.sparmarkt-winkler.at\/images\/markt_01.jpg\" alt=\"\" border=\"2\" \/>\u00a0 \u00a0 <img src=\"http:\/\/www.sparmarkt-winkler.at\/images\/markt_02.jpg\" alt=\"\" border=\"2\" \/><\/center>&nbsp;<\/p>\n<p><center><img src=\"http:\/\/www.sparmarkt-winkler.at\/images\/markt_03.jpg\" alt=\"\" border=\"2\" \/>\u00a0 \u00a0 <img src=\"http:\/\/www.sparmarkt-winkler.at\/images\/markt_04.jpg\" alt=\"\" border=\"2\" \/><\/center>&nbsp;<\/p>\n","protected":false},"excerpt":{"rendered":"<p>Die Elbigenalper SPAR-Markt Geschichte Die Familie Saurer er\u00f6ffnete in fr\u00fchen Jahren auf dem Grundst\u00fcck des heutigen Marktes das erste Mal ein Gesch\u00e4ft. Sp\u00e4ter wurde dieses durch Kaufmann Peter Friedle \u00fcbernommen, der das damals noch sehr kleine Gesch\u00e4ft bis in die<span class=\"ellipsis\">&hellip;<\/span><\/p>\n<div class=\"read-more\"><a href=\"http:\/\/www.sparmarkt-winkler.at\/wordpress\/?page_id=159\">Weiterlesen \u203a<\/a><\/div>\n<p><!-- end of .read-more --><\/p>\n","protected":false},"author":2,"featured_media":0,"parent":140,"menu_order":0,"comment_status":"closed","ping_status":"closed","template":"full-width-page.php","meta":[],"_links":{"self":[{"href":"http:\/\/www.sparmarkt-winkler.at\/wordpress\/index.php?rest_route=\/wp\/v2\/pages\/159"}],"collection":[{"href":"http:\/\/www.sparmarkt-winkler.at\/wordpress\/index.php?rest_route=\/wp\/v2\/pages"}],"about":[{"href":"http:\/\/www.sparmarkt-winkler.at\/wordpress\/index.php?rest_route=\/wp\/v2\/types\/page"}],"author":[{"embeddable":true,"href":"http:\/\/www.sparmarkt-winkler.at\/wordpress\/index.php?rest_route=\/wp\/v2\/users\/2"}],"replies":[{"embeddable":true,"href":"http:\/\/www.sparmarkt-winkler.at\/wordpress\/index.php?rest_route=%2Fwp%2Fv2%2Fcomments&post=159"}],"version-history":[{"count":9,"href":"http:\/\/www.sparmarkt-winkler.at\/wordpress\/index.php?rest_route=\/wp\/v2\/pages\/159\/revisions"}],"predecessor-version":[{"id":297,"href":"http:\/\/www.sparmarkt-winkler.at\/wordpress\/index.php?rest_route=\/wp\/v2\/pages\/159\/revisions\/297"}],"up":[{"embeddable":true,"href":"http:\/\/www.sparmarkt-winkler.at\/wordpress\/index.php?rest_route=\/wp\/v2\/pages\/140"}],"wp:attachment":[{"href":"http:\/\/www.sparmarkt-winkler.at\/wordpress\/index.php?rest_route=%2Fwp%2Fv2%2Fmedia&parent=159"}],"curies":[{"name":"wp","href":"https:\/\/api.w.org\/{rel}","templated":true}]}}