{"id":148,"date":"2012-11-01T22:57:04","date_gmt":"2012-11-01T20:57:04","guid":{"rendered":"http:\/\/www.sparmarkt-winkler.at\/wordpress\/?page_id=148"},"modified":"2017-02-01T22:42:12","modified_gmt":"2017-02-01T20:42:12","slug":"anfahrt-kontakt","status":"publish","type":"page","link":"http:\/\/www.sparmarkt-winkler.at\/wordpress\/?page_id=148","title":{"rendered":"Anfahrt und Kontakt"},"content":{"rendered":"<h1>Diese Wege f\u00fchren zu uns.<\/h1>\n<h3>Anfahrt mit dem Auto<\/h3>\n<p>Von Reutte, Lechaschau, Wei\u00dfenbach, Forchach, Stanzach, Elmen, H\u00e4selgehr, Bach, Holzgau, Steeg, Prenten und Warth<\/p>\n<p>In der Sommerzeit von Juni bis Ende November erreichen Sie uns vom Tiroler Zentralraum aus bequem \u00fcber Imst und die Hahntennjoch Strasse bis nach Elmen, dann weiter nach Elbigenalp.<\/p>\n<p>Folgen Sie einfach dem Stra\u00dfenverlauf der B198 und in Elbigenalp, sehen Sie schon unsere Werbepylone die Ihnen den richtigen Weg zu uns weisen.<br \/>\nUnsere 55 Tiefgaragenkundenpl\u00e4tze stehen w\u00e4hrend der gesamten \u00d6ffnungszeit f\u00fcr sie zur Verf\u00fcgung und erm\u00f6glichen Ihnen auch bei Schlechtwetter einen ruhigen und trockenen Einkauf, bis in Ihr Auto!<\/p>\n<h3><strong>Anfahrt mit dem Bus<\/strong><\/h3>\n<p>Von Reutte, Lechaschau, H\u00f6fen, Wei\u00dfenbach, Forchach, Stanzach, Vorderhornbach, Elmen und H\u00e4selgehr<\/p>\n<p>Erreichen Sie uns bequem via Bus (VVT Linie 4268) in Richtung &#8222;Steeg&#8220;. Bei der Haltestelle &#8222;Elbigenalp Dorf&#8220; aussteigen in Fahrtrichtung des Busses gehen und die zweite Stra\u00dfe links einbiegen. Sie sehen rechtzeitig unsere Werbepylone.<\/p>\n<p>Von Bach, Holzgau, H\u00e4gerau und Steeg<\/p>\n<p>Erreichen Sie uns bequem via Bus (VVT Linie 4268) in Richtung &#8222;Reutte&#8220;. Bei der Haltestelle &#8222;Elbigenalp Dorf&#8220; aussteigen entgegen die Fahrtrichtung des Busses gehen und die zweite Stra\u00dfe links einbiegen. Sie sehen rechtzeitig unsere Werbepylone.<\/p>\n<p>Mehr Informationen zum Fahrplan unter <a title=\"VVT\" href=\"http:\/\/www.vvt.at\">vvt.at<\/a><\/p>\n<h3>Ihr Kontakt zu uns<\/h3>\n<ul>\n<li>Vollst\u00e4ndige Postanschrift:<\/li>\n<\/ul>\n<p>SPAR Markt Winkler, Dorf Nr. 46, 6652 Elbigenalp, \u00d6sterreich<\/p>\n<ul>\n<li>Telefon: 05634 &#8211; 201 23<\/li>\n<\/ul>\n<ul>\n<li>Fax: 05634 &#8211; 201 23 19<\/li>\n<\/ul>\n<ul>\n<li>E-Mail: thomas.winkler [klammeraffe] sparmarkt.at<\/li>\n<\/ul>\n<p><strong>Oder kommen Sie doch einfach bei uns vorbei!<\/strong><\/p>\n","protected":false},"excerpt":{"rendered":"<p>Diese Wege f\u00fchren zu uns. Anfahrt mit dem Auto Von Reutte, Lechaschau, Wei\u00dfenbach, Forchach, Stanzach, Elmen, H\u00e4selgehr, Bach, Holzgau, Steeg, Prenten und Warth In der Sommerzeit von Juni bis Ende November erreichen Sie uns vom Tiroler Zentralraum aus bequem \u00fcber<span class=\"ellipsis\">&hellip;<\/span><\/p>\n<div class=\"read-more\"><a href=\"http:\/\/www.sparmarkt-winkler.at\/wordpress\/?page_id=148\">Weiterlesen \u203a<\/a><\/div>\n<p><!-- end of .read-more --><\/p>\n","protected":false},"author":2,"featured_media":0,"parent":0,"menu_order":0,"comment_status":"closed","ping_status":"closed","template":"full-width-page.php","meta":[],"_links":{"self":[{"href":"http:\/\/www.sparmarkt-winkler.at\/wordpress\/index.php?rest_route=\/wp\/v2\/pages\/148"}],"collection":[{"href":"http:\/\/www.sparmarkt-winkler.at\/wordpress\/index.php?rest_route=\/wp\/v2\/pages"}],"about":[{"href":"http:\/\/www.sparmarkt-winkler.at\/wordpress\/index.php?rest_route=\/wp\/v2\/types\/page"}],"author":[{"embeddable":true,"href":"http:\/\/www.sparmarkt-winkler.at\/wordpress\/index.php?rest_route=\/wp\/v2\/users\/2"}],"replies":[{"embeddable":true,"href":"http:\/\/www.sparmarkt-winkler.at\/wordpress\/index.php?rest_route=%2Fwp%2Fv2%2Fcomments&post=148"}],"version-history":[{"count":10,"href":"http:\/\/www.sparmarkt-winkler.at\/wordpress\/index.php?rest_route=\/wp\/v2\/pages\/148\/revisions"}],"predecessor-version":[{"id":295,"href":"http:\/\/www.sparmarkt-winkler.at\/wordpress\/index.php?rest_route=\/wp\/v2\/pages\/148\/revisions\/295"}],"wp:attachment":[{"href":"http:\/\/www.sparmarkt-winkler.at\/wordpress\/index.php?rest_route=%2Fwp%2Fv2%2Fmedia&parent=148"}],"curies":[{"name":"wp","href":"https:\/\/api.w.org\/{rel}","templated":true}]}}