{"id":140,"date":"2012-11-01T22:41:23","date_gmt":"2012-11-01T20:41:23","guid":{"rendered":"http:\/\/www.sparmarkt-winkler.at\/wordpress\/?page_id=140"},"modified":"2017-02-01T22:42:55","modified_gmt":"2017-02-01T20:42:55","slug":"wir-uber-uns","status":"publish","type":"page","link":"http:\/\/www.sparmarkt-winkler.at\/wordpress\/?page_id=140","title":{"rendered":"Wir \u00fcber uns"},"content":{"rendered":"<h1>Pers\u00f6nlich und nah.<\/h1>\n<p><img src=\"http:\/\/sparmarkt-winkler.at\/images\/ma_ml.jpg\" alt=\"\" border=\"2\" \/><\/p>\n<h4><span style=\"color: #000000; font-family: Verdana; font-size: small;\"><span style=\"color: #cc0000; font-family: Verdana; font-size: medium;\"><span style=\"color: #000000; font-family: Verdana; font-size: small;\"><strong>Ich freue mich, Sie auf unserer neuen Homepage begr\u00fc\u00dfen zu d\u00fcrfen!<\/strong><\/span><\/span><\/span><\/h4>\n<p><em>Meine E-Mail:<\/em> <span style=\"color: #000000; font-family: Verdana; font-size: small;\">thomas.winkler [Klammeraffe] sparmarkt.at<\/span><\/p>\n<ul>\n<li>Genie\u00dfen Sie bei uns Ihren Einkauf auf \u00fcber 600 qm\u00b2 Verkaufsfl\u00e4che. &#8211; Selbstverst\u00e4ndlich sind unsere 55 Parkpl\u00e4tze f\u00fcr die Dauer des Einkaufes f\u00fcr Sie gratis.<\/li>\n<\/ul>\n<ul>\n<li>Wir lassen Sie nicht im Regen stehen! Parken Sie bequem in unserer Tiefgarage und fahren Sie mit dem Aufzug &#8211; direkt zum Gesch\u00e4ft<strong>.<\/strong><\/li>\n<\/ul>\n<p><span style=\"color: #cc0000; font-family: Verdana; font-size: medium;\"><span style=\"color: #000000;\">\u00a0<strong>Mein pers\u00f6nlicher Werdegang:<\/strong><\/span><br \/>\n<span style=\"color: #000000; font-family: Verdana; font-size: small;\"><br \/>\nMeine berufliche Karriere begann mit der kaufm\u00e4nnischen Lehre im kleinen Lebensmittelgesch\u00e4ft von Christl Winkler in Stanzach. In den 5 Jahren in diesem Betrieb konnte ich alles wichtige, f\u00fcr den Beruf des Einzelhandelskaufmannes erlernen.<\/span><\/span><\/p>\n<p>Im Juli 1993 leistete ich meinen Pr\u00e4senzdienst in der Andreas Hofer Kaserne in Absam, bevor ich M\u00e4rz 1994 als Marktleiter-Stv. im SPAR Markt LECHPARK besch\u00e4ftigt wurde. In den 10 Jahren, in denen ich mit Marktleiter Markus Baldauf das Gesch\u00e4ft f\u00fchren durfte, sammelte ich jede Menge Erfahrung im Umgang mit Kunden und Personal, und lernte SPAR als zuverl\u00e4ssigen Handelspartner kennen.<\/p>\n<p>Am 19.Mai 2004 \u00fcbernahm ich den SPAR Markt der Familie Baldauf als selbstst\u00e4ndiger Kaufmann. Nach der \u00dcbernahme durch SPAR, wurde das Gesch\u00e4ftslokal komplett umgebaut und auf eine Fl\u00e4che von 600 m2 vergr\u00f6\u00dfert. Damit geh\u00f6rt der SPAR Markt Winkler, zu einem der gr\u00f6\u00dften Lebensmittelgesch\u00e4fte in der Region.<\/p>\n<p>2010 &#8211; im 6.-ten Jahr meines eigenen Marktes, konnte ich gemeinsam mit meinem Team, eine der begehrtesten internen Auszeichnugnen gewinnen. Die goldene Tanne der SPAR\u00a0f\u00fcr Tirol und Salzburg.<\/p>\n<p>Auf ein ausgewogenes, breites Sortiment, und vor allem auf Frische wird in meinem Markt besonders viel Wert gelegt.<br \/>\nNat\u00fcrlich sind wir auch der heimische Partner vieler Vereine in der Region und beliefern zahlreiche Festveranstaltungen.<\/p>\n<p>Immer mehr Kunden erledigen ihre Wochenendeink\u00e4ufe im SPAR Markt Winkler. Qualit\u00e4t ist unser Anspruch, wir freuen uns bereits auf Ihren n\u00e4chsten Besuch, und beraten Sie gerne.<\/p>\n<p>Ihr Lechtaler SPAR Kaufmann<\/p>\n<p>Thomas Winkler<\/p>\n","protected":false},"excerpt":{"rendered":"<p>Pers\u00f6nlich und nah. Ich freue mich, Sie auf unserer neuen Homepage begr\u00fc\u00dfen zu d\u00fcrfen! Meine E-Mail: thomas.winkler [Klammeraffe] sparmarkt.at Genie\u00dfen Sie bei uns Ihren Einkauf auf \u00fcber 600 qm\u00b2 Verkaufsfl\u00e4che. &#8211; Selbstverst\u00e4ndlich sind unsere 55 Parkpl\u00e4tze f\u00fcr die Dauer des<span class=\"ellipsis\">&hellip;<\/span><\/p>\n<div class=\"read-more\"><a href=\"http:\/\/www.sparmarkt-winkler.at\/wordpress\/?page_id=140\">Weiterlesen \u203a<\/a><\/div>\n<p><!-- end of .read-more --><\/p>\n","protected":false},"author":2,"featured_media":0,"parent":0,"menu_order":0,"comment_status":"closed","ping_status":"closed","template":"full-width-page.php","meta":[],"_links":{"self":[{"href":"http:\/\/www.sparmarkt-winkler.at\/wordpress\/index.php?rest_route=\/wp\/v2\/pages\/140"}],"collection":[{"href":"http:\/\/www.sparmarkt-winkler.at\/wordpress\/index.php?rest_route=\/wp\/v2\/pages"}],"about":[{"href":"http:\/\/www.sparmarkt-winkler.at\/wordpress\/index.php?rest_route=\/wp\/v2\/types\/page"}],"author":[{"embeddable":true,"href":"http:\/\/www.sparmarkt-winkler.at\/wordpress\/index.php?rest_route=\/wp\/v2\/users\/2"}],"replies":[{"embeddable":true,"href":"http:\/\/www.sparmarkt-winkler.at\/wordpress\/index.php?rest_route=%2Fwp%2Fv2%2Fcomments&post=140"}],"version-history":[{"count":7,"href":"http:\/\/www.sparmarkt-winkler.at\/wordpress\/index.php?rest_route=\/wp\/v2\/pages\/140\/revisions"}],"predecessor-version":[{"id":296,"href":"http:\/\/www.sparmarkt-winkler.at\/wordpress\/index.php?rest_route=\/wp\/v2\/pages\/140\/revisions\/296"}],"wp:attachment":[{"href":"http:\/\/www.sparmarkt-winkler.at\/wordpress\/index.php?rest_route=%2Fwp%2Fv2%2Fmedia&parent=140"}],"curies":[{"name":"wp","href":"https:\/\/api.w.org\/{rel}","templated":true}]}}