{"id":131,"date":"2012-11-01T22:19:18","date_gmt":"2012-11-01T20:19:18","guid":{"rendered":"http:\/\/www.sparmarkt-winkler.at\/wordpress\/?page_id=131"},"modified":"2017-02-01T22:42:40","modified_gmt":"2017-02-01T20:42:40","slug":"offnungszeiten","status":"publish","type":"page","link":"http:\/\/www.sparmarkt-winkler.at\/wordpress\/?page_id=131","title":{"rendered":"\u00d6ffnungszeiten"},"content":{"rendered":"<h1><strong>Unsere \u00d6ffnungszeiten. Weil wir gerne f\u00fcr Sie da sind.<br \/>\n<\/strong><\/h1>\n<ul>\n<li>Montag 07:00-18:30<\/li>\n<li>Dienstag 07:00-18:30<\/li>\n<li>Mittwoch 07:00-18:30<\/li>\n<li>Donnerstag 07:00-18:30<\/li>\n<li>Freitag 07:00-18:30<\/li>\n<li>Samstag 07:00-17:00<\/li>\n<\/ul>\n<h1>Sonder\u00f6ffnungszeiten<\/h1>\n<ul>\n<li>Saisonbedingte Sonder\u00f6ffnungszeiten, Sonntags\u00f6ffnungen \/ Feiertags\u00f6ffnungen werden hier rechtzeitig bekanntgegeben!<\/li>\n<\/ul>\n<h1>Feiertage 2017<\/h1>\n<ul>\n<li>In der n\u00e4chsten Zeit keine Feiertage!<\/li>\n<\/ul>\n<p>&nbsp;<\/p>\n<p><img class=\"aligncenter\" src=\"http:\/\/sparmarkt-winkler.at\/images\/uhr.jpg\" alt=\"http:\/\/sparmarkt-winkler.at\/images\/uhr.jpg\" \/><\/p>\n","protected":false},"excerpt":{"rendered":"<p>Unsere \u00d6ffnungszeiten. Weil wir gerne f\u00fcr Sie da sind. Montag 07:00-18:30 Dienstag 07:00-18:30 Mittwoch 07:00-18:30 Donnerstag 07:00-18:30 Freitag 07:00-18:30 Samstag 07:00-17:00 Sonder\u00f6ffnungszeiten Saisonbedingte Sonder\u00f6ffnungszeiten, Sonntags\u00f6ffnungen \/ Feiertags\u00f6ffnungen werden hier rechtzeitig bekanntgegeben! Feiertage 2017 In der n\u00e4chsten Zeit keine Feiertage! &nbsp;<\/p>\n","protected":false},"author":2,"featured_media":0,"parent":0,"menu_order":0,"comment_status":"closed","ping_status":"closed","template":"full-width-page.php","meta":[],"_links":{"self":[{"href":"http:\/\/www.sparmarkt-winkler.at\/wordpress\/index.php?rest_route=\/wp\/v2\/pages\/131"}],"collection":[{"href":"http:\/\/www.sparmarkt-winkler.at\/wordpress\/index.php?rest_route=\/wp\/v2\/pages"}],"about":[{"href":"http:\/\/www.sparmarkt-winkler.at\/wordpress\/index.php?rest_route=\/wp\/v2\/types\/page"}],"author":[{"embeddable":true,"href":"http:\/\/www.sparmarkt-winkler.at\/wordpress\/index.php?rest_route=\/wp\/v2\/users\/2"}],"replies":[{"embeddable":true,"href":"http:\/\/www.sparmarkt-winkler.at\/wordpress\/index.php?rest_route=%2Fwp%2Fv2%2Fcomments&post=131"}],"version-history":[{"count":8,"href":"http:\/\/www.sparmarkt-winkler.at\/wordpress\/index.php?rest_route=\/wp\/v2\/pages\/131\/revisions"}],"predecessor-version":[{"id":277,"href":"http:\/\/www.sparmarkt-winkler.at\/wordpress\/index.php?rest_route=\/wp\/v2\/pages\/131\/revisions\/277"}],"wp:attachment":[{"href":"http:\/\/www.sparmarkt-winkler.at\/wordpress\/index.php?rest_route=%2Fwp%2Fv2%2Fmedia&parent=131"}],"curies":[{"name":"wp","href":"https:\/\/api.w.org\/{rel}","templated":true}]}}